{"id":5579,"date":"2021-05-31T14:48:55","date_gmt":"2021-05-31T12:48:55","guid":{"rendered":"https:\/\/www.techservsn.com\/?post_type=product&#038;p=5579"},"modified":"2021-05-31T14:48:55","modified_gmt":"2021-05-31T12:48:55","slug":"diestro-analyzer-103ap-v4-auto-basic","status":"publish","type":"product","link":"https:\/\/www.techservsn.com\/en\/produit\/diestro-analyzer-103ap-v4-auto-basic\/","title":{"rendered":"DIESTRO ANALYZER 103AP V4 Auto Basic"},"content":{"rendered":"","protected":false},"excerpt":{"rendered":"<p>Instrument id\u00e9al pour les grands laboratoires qui ont besoin de g\u00e9rer leurs \u00e9chantillons de fa\u00e7on autonome et en toute s\u00e9curit\u00e9, avec toute la connectivit\u00e9 n\u00e9cessaire.<\/p>\n<ul>\n<li><strong> Calibrage automatique<\/strong><\/li>\n<li><strong> Chargeur automatique<\/strong><\/li>\n<li><strong> R\u00e9actifs avec bac \u00e0 d\u00e9chets<\/strong><\/li>\n<li><strong> Type d&#8217;\u00e9chantillon: sang total, s\u00e9rum, plasma, urine\u00a0; LCR et autres liquides Biologiques <\/strong><\/li>\n<li><strong>Cadence\u00a0: 60 test\/heure <\/strong><\/li>\n<li><strong>Volume d&#8217;\u00e9chantillon: 40 uL<\/strong><\/li>\n<li><strong> Na +, K +, Cl-<\/strong><\/li>\n<li><strong> Plus d&#8217;options dans le logiciel<\/strong><\/li>\n<li>M\u00e9moire pour le r\u00e9sultat de l&#8217;\u00e9chantillon\u00a0: 1.000<\/li>\n<li>\u00c9chantillons par jour\u00a0: 20 \u00e0 50<\/li>\n<li>\u00c9talonnage\u00a0: Automatique<\/li>\n<li>Temps de mesure pour le s\u00e9rum &lt;60 &#8216;<\/li>\n<li>Batterie interne\u00a0: Optionnel<\/li>\n<li>Identification du patient\u00a0: Affichage graphique avec \u00e9cran tactile<\/li>\n<li>Extensible, jusqu&#8217;\u00e0 5 \u00e9lectrolytes simultan\u00e9ment Na +, K +, Cl-, Ca ++, Li +<\/li>\n<li><strong>Construire dans une imprimante thermique<\/strong><\/li>\n<li><strong>Sortie lecteur de code \u00e0 barres externe<\/strong><\/li>\n<li>Entr\u00e9e clavier externe<\/li>\n<li>Sortie USB<\/li>\n<li><strong> Sortie s\u00e9rie\u00a0: RS232<\/strong><\/li>\n<li>Horloge temps r\u00e9el<\/li>\n<li>Guide rapide\u00a0: \u00c0 l&#8217;\u00e9cran<\/li>\n<li><strong>Imprimante int\u00e9gr\u00e9e<\/strong><\/li>\n<li><strong>Ecran graphique et tactile <\/strong><\/li>\n<li>Connexion LIS<\/li>\n<li>Construire dans le lecteur de code \u00e0 barres\u00a0: Optionnel<\/li>\n<li>Fonction de contr\u00f4le de la qualit\u00e9<\/li>\n<\/ul>\n","protected":false},"featured_media":5580,"template":"","meta":[],"product_brand":[],"product_cat":[124],"product_tag":[],"class_list":{"0":"post-5579","1":"product","2":"type-product","3":"status-publish","4":"has-post-thumbnail","6":"product_cat-hematologie","8":"first","9":"instock","10":"virtual","11":"product-type-simple"},"_links":{"self":[{"href":"https:\/\/www.techservsn.com\/en\/wp-json\/wp\/v2\/product\/5579","targetHints":{"allow":["GET"]}}],"collection":[{"href":"https:\/\/www.techservsn.com\/en\/wp-json\/wp\/v2\/product"}],"about":[{"href":"https:\/\/www.techservsn.com\/en\/wp-json\/wp\/v2\/types\/product"}],"wp:featuredmedia":[{"embeddable":true,"href":"https:\/\/www.techservsn.com\/en\/wp-json\/wp\/v2\/media\/5580"}],"wp:attachment":[{"href":"https:\/\/www.techservsn.com\/en\/wp-json\/wp\/v2\/media?parent=5579"}],"wp:term":[{"taxonomy":"product_brand","embeddable":true,"href":"https:\/\/www.techservsn.com\/en\/wp-json\/wp\/v2\/product_brand?post=5579"},{"taxonomy":"product_cat","embeddable":true,"href":"https:\/\/www.techservsn.com\/en\/wp-json\/wp\/v2\/product_cat?post=5579"},{"taxonomy":"product_tag","embeddable":true,"href":"https:\/\/www.techservsn.com\/en\/wp-json\/wp\/v2\/product_tag?post=5579"}],"curies":[{"name":"wp","href":"https:\/\/api.w.org\/{rel}","templated":true}]}}