{"id":5492,"date":"2021-05-26T11:23:19","date_gmt":"2021-05-26T09:23:19","guid":{"rendered":"https:\/\/www.techservsn.com\/?post_type=product&#038;p=5492"},"modified":"2021-05-26T11:24:00","modified_gmt":"2021-05-26T09:24:00","slug":"oec-brivo-785","status":"publish","type":"product","link":"https:\/\/www.techservsn.com\/en\/produit\/oec-brivo-785\/","title":{"rendered":"OEC Brivo 785"},"content":{"rendered":"","protected":false},"excerpt":{"rendered":"<p>L\u2019OEC Brivo 785 est un syst\u00e8me de qualit\u00e9 sign\u00e9 GE, sur lequel vous pouvez compter pour obtenir la nettet\u00e9 d\u2019image dont vous avez besoin, quand vous en avez besoin et ce, jour apr\u00e8s jour. Sa facilit\u00e9 d\u2019utilisation et sa fiabilit\u00e9 vous am\u00e8neront \u00e0 vous demander comment vous avez pu vous passer d\u2019un tel syst\u00e8me !<br \/>\nLe syst\u00e8me d\u2019imagerie OEC Essential \u00ab Clear Intelligence \u00bb vous permet de capturer, de cr\u00e9er et d\u2019afficher des images d\u2019une qualit\u00e9 exceptionnelle. Faites confiance \u00e0 la technologie pr\u00e9cise et efficace OEC pour vous fournir la nettet\u00e9 d\u2019image essentielle \u00e0 votre activit\u00e9, m\u00eame avec une faible dose de rayonnement.<\/p>\n<p>D\u2019utilisation facile, l\u2019imagerie Essential Clear Intelligence vous procure la nettet\u00e9 et la pr\u00e9cision d\u2019image dont vous avez besoin.<\/p>\n<p>Des fonctionnalit\u00e9s intuitives et des processus automatis\u00e9s permettent aux chirurgiens de se concentrer sur la proc\u00e9dure et les soins aux patients.<\/p>\n<p>Faites confiance \u00e0 une m\u00e9canique robuste, et \u00e0 des fonctionnalit\u00e9s de gestion dosim\u00e9trique et de protection des donn\u00e9es.<\/p>\n<p style=\"text-align: center;\"><a class=\"button\" style=\"background: #103178; color: #ffffff; border-color: #103178;\" href=\"#\" target=\"_blank\" rel=\"noopener\">Voire la fiche technique<\/a><\/p>\n","protected":false},"featured_media":5493,"template":"","meta":[],"product_brand":[],"product_cat":[119],"product_tag":[],"class_list":{"0":"post-5492","1":"product","2":"type-product","3":"status-publish","4":"has-post-thumbnail","6":"product_cat-rx","8":"first","9":"instock","10":"virtual","11":"product-type-simple"},"_links":{"self":[{"href":"https:\/\/www.techservsn.com\/en\/wp-json\/wp\/v2\/product\/5492","targetHints":{"allow":["GET"]}}],"collection":[{"href":"https:\/\/www.techservsn.com\/en\/wp-json\/wp\/v2\/product"}],"about":[{"href":"https:\/\/www.techservsn.com\/en\/wp-json\/wp\/v2\/types\/product"}],"wp:featuredmedia":[{"embeddable":true,"href":"https:\/\/www.techservsn.com\/en\/wp-json\/wp\/v2\/media\/5493"}],"wp:attachment":[{"href":"https:\/\/www.techservsn.com\/en\/wp-json\/wp\/v2\/media?parent=5492"}],"wp:term":[{"taxonomy":"product_brand","embeddable":true,"href":"https:\/\/www.techservsn.com\/en\/wp-json\/wp\/v2\/product_brand?post=5492"},{"taxonomy":"product_cat","embeddable":true,"href":"https:\/\/www.techservsn.com\/en\/wp-json\/wp\/v2\/product_cat?post=5492"},{"taxonomy":"product_tag","embeddable":true,"href":"https:\/\/www.techservsn.com\/en\/wp-json\/wp\/v2\/product_tag?post=5492"}],"curies":[{"name":"wp","href":"https:\/\/api.w.org\/{rel}","templated":true}]}}