{"id":5487,"date":"2021-05-21T14:17:38","date_gmt":"2021-05-21T12:17:38","guid":{"rendered":"https:\/\/www.techservsn.com\/?post_type=product&#038;p=5487"},"modified":"2021-06-15T02:43:39","modified_gmt":"2021-06-15T00:43:39","slug":"automate-dhematologie-yumizen-h2500","status":"publish","type":"product","link":"https:\/\/www.techservsn.com\/en\/produit\/automate-dhematologie-yumizen-h2500\/","title":{"rendered":"Automate d\u2019h\u00e9matologie Yumizen-H2500"},"content":{"rendered":"","protected":false},"excerpt":{"rendered":"<p>Analyseur d&#8217;h\u00e9matologie 55 param\u00e8tres Yumizen H2500<br \/>\nCBC-DIFF NRBC avec les menus experts pour l&#8217;analyse 3D (CVD : Complexit\u00e9, volume et distribution)<br \/>\nWBC non m\u00fbr<br \/>\nReticulocytes :MIC%, MAC%<br \/>\nBoeuf de Plt :LVC (bas cycle de valeur)<br \/>\nGestion compl\u00e8te t\u00e9moin<br \/>\nAiguille d\u2019\u00e9chantillonnage simple pour le support et le mode de stat<br \/>\nBas volume d&#8217;\u00e9chantillonnage de 110\u00b5l<br \/>\nStat et modes manuels avec les types pre-calibraded multi de tubes (p\u00e9diatriques, micro-tasse\u2026)<br \/>\nNouveau syst\u00e8me de support compatible avec la plupart d&#8217;autres analyseurs et trieuses d&#8217;EDTA.<br \/>\nAutochargeur quatre-d\u00e9grossi innovateur pour le m\u00e9lange parfait d&#8217;\u00e9chantillon et le chargement optimis\u00e9<\/p>\n","protected":false},"featured_media":5488,"template":"","meta":[],"product_brand":[],"product_cat":[124],"product_tag":[],"class_list":{"0":"post-5487","1":"product","2":"type-product","3":"status-publish","4":"has-post-thumbnail","6":"product_cat-hematologie","8":"first","9":"instock","10":"virtual","11":"product-type-simple"},"_links":{"self":[{"href":"https:\/\/www.techservsn.com\/en\/wp-json\/wp\/v2\/product\/5487","targetHints":{"allow":["GET"]}}],"collection":[{"href":"https:\/\/www.techservsn.com\/en\/wp-json\/wp\/v2\/product"}],"about":[{"href":"https:\/\/www.techservsn.com\/en\/wp-json\/wp\/v2\/types\/product"}],"wp:featuredmedia":[{"embeddable":true,"href":"https:\/\/www.techservsn.com\/en\/wp-json\/wp\/v2\/media\/5488"}],"wp:attachment":[{"href":"https:\/\/www.techservsn.com\/en\/wp-json\/wp\/v2\/media?parent=5487"}],"wp:term":[{"taxonomy":"product_brand","embeddable":true,"href":"https:\/\/www.techservsn.com\/en\/wp-json\/wp\/v2\/product_brand?post=5487"},{"taxonomy":"product_cat","embeddable":true,"href":"https:\/\/www.techservsn.com\/en\/wp-json\/wp\/v2\/product_cat?post=5487"},{"taxonomy":"product_tag","embeddable":true,"href":"https:\/\/www.techservsn.com\/en\/wp-json\/wp\/v2\/product_tag?post=5487"}],"curies":[{"name":"wp","href":"https:\/\/api.w.org\/{rel}","templated":true}]}}