{"id":5484,"date":"2021-05-21T14:15:36","date_gmt":"2021-05-21T12:15:36","guid":{"rendered":"https:\/\/www.techservsn.com\/?post_type=product&#038;p=5484"},"modified":"2021-06-15T02:13:45","modified_gmt":"2021-06-15T00:13:45","slug":"microscope-dm-300","status":"publish","type":"product","link":"https:\/\/www.techservsn.com\/en\/produit\/microscope-dm-300\/","title":{"rendered":"Microscope DM 300"},"content":{"rendered":"","protected":false},"excerpt":{"rendered":"<p>Microscopes \u00e0 champ large pour l\u2019\u00e9ducation.<br \/>\nL\u2019INNOVATION ABORDABLE POUR LES APPRENTIS SCIENTIFIQUES<br \/>\nFort d\u2019une exp\u00e9rience de 165 ans dans la conception et la fabrication de microscopes, Leica Microsystems combine les technologies les plus modernes en mati\u00e8re d\u2019optique, de m\u00e9canique et d\u2019\u00e9clairage dans les nouveaux microscopes pour \u00e9tudiants Leica DM300. Ces microscopes fournissent aux \u00e9tudiants les moyens<br \/>\nn\u00e9cessaires pour \u00e9tudier les d\u00e9tails les plus fins dans toutes les sciences biologiques.<\/p>\n<p style=\"text-align: center;\"><a class=\"button\" style=\"background: #396CF0; color: #ffffff; border-color: #103178;\" href=\"https:\/\/www.techservsn.com\/wp-content\/uploads\/2021\/06\/Leica_DM300_Brochure_FR.pdf\" target=\"_blank\" rel=\"noopener\">Voire la fiche technique<\/a><\/p>\n","protected":false},"featured_media":5485,"template":"","meta":[],"product_brand":[],"product_cat":[125],"product_tag":[],"class_list":{"0":"post-5484","1":"product","2":"type-product","3":"status-publish","4":"has-post-thumbnail","6":"product_cat-microscopes","8":"first","9":"instock","10":"virtual","11":"product-type-simple"},"_links":{"self":[{"href":"https:\/\/www.techservsn.com\/en\/wp-json\/wp\/v2\/product\/5484","targetHints":{"allow":["GET"]}}],"collection":[{"href":"https:\/\/www.techservsn.com\/en\/wp-json\/wp\/v2\/product"}],"about":[{"href":"https:\/\/www.techservsn.com\/en\/wp-json\/wp\/v2\/types\/product"}],"wp:featuredmedia":[{"embeddable":true,"href":"https:\/\/www.techservsn.com\/en\/wp-json\/wp\/v2\/media\/5485"}],"wp:attachment":[{"href":"https:\/\/www.techservsn.com\/en\/wp-json\/wp\/v2\/media?parent=5484"}],"wp:term":[{"taxonomy":"product_brand","embeddable":true,"href":"https:\/\/www.techservsn.com\/en\/wp-json\/wp\/v2\/product_brand?post=5484"},{"taxonomy":"product_cat","embeddable":true,"href":"https:\/\/www.techservsn.com\/en\/wp-json\/wp\/v2\/product_cat?post=5484"},{"taxonomy":"product_tag","embeddable":true,"href":"https:\/\/www.techservsn.com\/en\/wp-json\/wp\/v2\/product_tag?post=5484"}],"curies":[{"name":"wp","href":"https:\/\/api.w.org\/{rel}","templated":true}]}}