{"id":5481,"date":"2021-05-21T14:09:50","date_gmt":"2021-05-21T12:09:50","guid":{"rendered":"https:\/\/www.techservsn.com\/?post_type=product&#038;p=5481"},"modified":"2021-06-15T02:02:12","modified_gmt":"2021-06-15T00:02:12","slug":"automate-de-biochimie-ba200","status":"publish","type":"product","link":"https:\/\/www.techservsn.com\/en\/produit\/automate-de-biochimie-ba200\/","title":{"rendered":"Automate de Biochimie BA200"},"content":{"rendered":"","protected":false},"excerpt":{"rendered":"<p>Analyseur de biochimie automatique 200 tests\/h | BA200<br \/>\n200 t \/ h Benchtop Random Access Analyzer pour les laboratoires de petite et moyenne taille avec des exigences avanc\u00e9es dans les aspects technologiques. &#8211; Il int\u00e8gre un rotor mixte \u00e9chantillon \/ r\u00e9actif de 88 positions, une technologie de source lumineuse \u00e0 LED avec autocorrection de son intensit\u00e9, une station de lavage \u00e0 8 \u00e9tapes avec d\u00e9tecteur de d\u00e9bordement, un lecteur de codes \u00e0 barres (\u00e9chantillons et r\u00e9actifs) et un bras de lecture \u00e0 un pippet. &#8211; La construction compacte permet de s\u00e9parer les r\u00e9sidus de contamination chimique \/ biologique, m\u00eame les plus importants, des d\u00e9chets liquides courants.<\/p>\n<p style=\"text-align: center;\"><a class=\"button\" style=\"background: #396CF0; color: #ffffff; border-color: #103178;\" href=\"https:\/\/www.techservsn.com\/wp-content\/uploads\/2021\/06\/99859-BA-200-fr.compressed.pdf\" target=\"_blank\" rel=\"noopener\">Voire la fiche technique<\/a><\/p>\n","protected":false},"featured_media":5482,"template":"","meta":[],"product_brand":[],"product_cat":[116],"product_tag":[],"class_list":{"0":"post-5481","1":"product","2":"type-product","3":"status-publish","4":"has-post-thumbnail","6":"product_cat-biochimie","8":"first","9":"instock","10":"virtual","11":"product-type-simple"},"_links":{"self":[{"href":"https:\/\/www.techservsn.com\/en\/wp-json\/wp\/v2\/product\/5481","targetHints":{"allow":["GET"]}}],"collection":[{"href":"https:\/\/www.techservsn.com\/en\/wp-json\/wp\/v2\/product"}],"about":[{"href":"https:\/\/www.techservsn.com\/en\/wp-json\/wp\/v2\/types\/product"}],"wp:featuredmedia":[{"embeddable":true,"href":"https:\/\/www.techservsn.com\/en\/wp-json\/wp\/v2\/media\/5482"}],"wp:attachment":[{"href":"https:\/\/www.techservsn.com\/en\/wp-json\/wp\/v2\/media?parent=5481"}],"wp:term":[{"taxonomy":"product_brand","embeddable":true,"href":"https:\/\/www.techservsn.com\/en\/wp-json\/wp\/v2\/product_brand?post=5481"},{"taxonomy":"product_cat","embeddable":true,"href":"https:\/\/www.techservsn.com\/en\/wp-json\/wp\/v2\/product_cat?post=5481"},{"taxonomy":"product_tag","embeddable":true,"href":"https:\/\/www.techservsn.com\/en\/wp-json\/wp\/v2\/product_tag?post=5481"}],"curies":[{"name":"wp","href":"https:\/\/api.w.org\/{rel}","templated":true}]}}