{"id":5479,"date":"2021-05-21T14:08:02","date_gmt":"2021-05-21T12:08:02","guid":{"rendered":"https:\/\/www.techservsn.com\/?post_type=product&#038;p=5479"},"modified":"2021-06-15T02:03:09","modified_gmt":"2021-06-15T00:03:09","slug":"automate-de-biochimie-ba400","status":"publish","type":"product","link":"https:\/\/www.techservsn.com\/en\/produit\/automate-de-biochimie-ba400\/","title":{"rendered":"Automate de Biochimie BA400"},"content":{"rendered":"","protected":false},"excerpt":{"rendered":"<p>Analyseur de biochimie automatique 400 tests\/h | BA400<br \/>\nAnalyseurs automatiques \u00e0 acc\u00e8s al\u00e9atoire pour le diagnostic in vitro fabriqu\u00e9s par Biosystems SA, qui effectuent des mesures spectrom\u00e9triques (biochimie et turbidim\u00e9trie) et s&#8217;adaptent facilement \u00e0 toute routine de travail gr\u00e2ce \u00e0 ses nombreuses options de configuration dans l&#8217;installation des \u00e9chantillons et r\u00e9actifs. Ses performances (faible consommation d&#8217;eau, maintenance minimale et \u00e9conomies importantes en consommables) optimisent le co\u00fbt d&#8217;exploitation du laboratoire.<\/p>\n<p style=\"text-align: center;\"><a class=\"button\" style=\"background: #396CF0; color: #ffffff; border-color: #103178;\" href=\"https:\/\/www.techservsn.com\/wp-content\/uploads\/2021\/06\/99838-Analyseur-Automatique-BA400-Fr.pdf\" target=\"_blank\" rel=\"noopener\">Voire la fiche technique<\/a><\/p>\n","protected":false},"featured_media":5480,"template":"","meta":[],"product_brand":[],"product_cat":[116],"product_tag":[],"class_list":{"0":"post-5479","1":"product","2":"type-product","3":"status-publish","4":"has-post-thumbnail","6":"product_cat-biochimie","8":"first","9":"instock","10":"virtual","11":"product-type-simple"},"_links":{"self":[{"href":"https:\/\/www.techservsn.com\/en\/wp-json\/wp\/v2\/product\/5479","targetHints":{"allow":["GET"]}}],"collection":[{"href":"https:\/\/www.techservsn.com\/en\/wp-json\/wp\/v2\/product"}],"about":[{"href":"https:\/\/www.techservsn.com\/en\/wp-json\/wp\/v2\/types\/product"}],"wp:featuredmedia":[{"embeddable":true,"href":"https:\/\/www.techservsn.com\/en\/wp-json\/wp\/v2\/media\/5480"}],"wp:attachment":[{"href":"https:\/\/www.techservsn.com\/en\/wp-json\/wp\/v2\/media?parent=5479"}],"wp:term":[{"taxonomy":"product_brand","embeddable":true,"href":"https:\/\/www.techservsn.com\/en\/wp-json\/wp\/v2\/product_brand?post=5479"},{"taxonomy":"product_cat","embeddable":true,"href":"https:\/\/www.techservsn.com\/en\/wp-json\/wp\/v2\/product_cat?post=5479"},{"taxonomy":"product_tag","embeddable":true,"href":"https:\/\/www.techservsn.com\/en\/wp-json\/wp\/v2\/product_tag?post=5479"}],"curies":[{"name":"wp","href":"https:\/\/api.w.org\/{rel}","templated":true}]}}