{"id":5477,"date":"2021-05-21T14:05:36","date_gmt":"2021-05-21T12:05:36","guid":{"rendered":"https:\/\/www.techservsn.com\/?post_type=product&#038;p=5477"},"modified":"2021-06-23T18:03:15","modified_gmt":"2021-06-23T16:03:15","slug":"automate-delectrophorese-capillarys-3-octa","status":"publish","type":"product","link":"https:\/\/www.techservsn.com\/en\/produit\/automate-delectrophorese-capillarys-3-octa\/","title":{"rendered":"Automate d\u2019Electrophor\u00e8se CAPILLARYS 3 OCTA"},"content":{"rendered":"","protected":false},"excerpt":{"rendered":"<p>CAPILLARYS 3, LES CAPILLAIRES QUI R\u00c9INVENTENT LES CAPILLARYS<br \/>\nCAPILLARYS 3 est bien plus qu&#8217;un nouvel instrument. Il s&#8217;agit d&#8217;un programme d&#8217;automatisation unique et exclusif, con\u00e7u pour r\u00e9pondre aux besoins actuels et futurs de tous les laboratoires.<br \/>\nCAPILLARYS 3 OCTA, offre le d\u00e9bit am\u00e9lior\u00e9 d&#8217;un syst\u00e8me \u00e0 8 capillaires.<br \/>\nLe programme CAPILLARYS 3 propose un large menu de tests: \u00e9lectrophor\u00e8se des prot\u00e9ines s\u00e9riques et urinaires (SPE &#038; UPE), immunotypage s\u00e9rique et urinaire, Hb A1c sur sang veineux et capillaire, \u00e9lectrophor\u00e8se de l&#8217;h\u00e9moglobine (sang adulte) et CDT \/ CDT IFCC<br \/>\nLe programme CAPILLARYS 3 a \u00e9t\u00e9 d\u00e9velopp\u00e9 pour r\u00e9pondre \u00e0 toutes les exigences des laboratoires en toute confiance dans un environnement en \u00e9volution rapide.<\/p>\n<p style=\"text-align: center;\"><a class=\"button\" style=\"background: #103178; color: #ffffff; border-color: #103178;\" href=\"https:\/\/www.techservsn.com\/wp-content\/uploads\/2021\/06\/C3-201910-F1-FR.pdf\" target=\"_blank\" rel=\"noopener\">Voire la fiche technique<\/a><\/p>\n","protected":false},"featured_media":5478,"template":"","meta":[],"product_brand":[],"product_cat":[116],"product_tag":[],"class_list":{"0":"post-5477","1":"product","2":"type-product","3":"status-publish","4":"has-post-thumbnail","6":"product_cat-biochimie","8":"first","9":"instock","10":"virtual","11":"product-type-simple"},"_links":{"self":[{"href":"https:\/\/www.techservsn.com\/en\/wp-json\/wp\/v2\/product\/5477","targetHints":{"allow":["GET"]}}],"collection":[{"href":"https:\/\/www.techservsn.com\/en\/wp-json\/wp\/v2\/product"}],"about":[{"href":"https:\/\/www.techservsn.com\/en\/wp-json\/wp\/v2\/types\/product"}],"wp:featuredmedia":[{"embeddable":true,"href":"https:\/\/www.techservsn.com\/en\/wp-json\/wp\/v2\/media\/5478"}],"wp:attachment":[{"href":"https:\/\/www.techservsn.com\/en\/wp-json\/wp\/v2\/media?parent=5477"}],"wp:term":[{"taxonomy":"product_brand","embeddable":true,"href":"https:\/\/www.techservsn.com\/en\/wp-json\/wp\/v2\/product_brand?post=5477"},{"taxonomy":"product_cat","embeddable":true,"href":"https:\/\/www.techservsn.com\/en\/wp-json\/wp\/v2\/product_cat?post=5477"},{"taxonomy":"product_tag","embeddable":true,"href":"https:\/\/www.techservsn.com\/en\/wp-json\/wp\/v2\/product_tag?post=5477"}],"curies":[{"name":"wp","href":"https:\/\/api.w.org\/{rel}","templated":true}]}}