{"id":5475,"date":"2021-05-21T14:00:33","date_gmt":"2021-05-21T12:00:33","guid":{"rendered":"https:\/\/www.techservsn.com\/?post_type=product&#038;p=5475"},"modified":"2021-06-16T12:07:44","modified_gmt":"2021-06-16T10:07:44","slug":"automate-dimmuno-histochimie-bond-max","status":"publish","type":"product","link":"https:\/\/www.techservsn.com\/en\/produit\/automate-dimmuno-histochimie-bond-max\/","title":{"rendered":"Automate d\u2019immuno-histochimie BOND MAX"},"content":{"rendered":"","protected":false},"excerpt":{"rendered":"<p>Leica BonD-MaX offre une automatisation compl\u00e8te de l&#8217;iHc et de l&#8217;iSH qui \u00e9limine les variations de processus pour vous aider \u00e0 fournir les colorations coh\u00e9rentes. Offrez des colorations de haute qualit\u00e9 avec les r\u00e9actifs BonD.<\/p>\n<p style=\"text-align: center;\"><a class=\"button\" style=\"background: #006ec2; color: #ffffff; border-color: #103178;\" href=\"https:\/\/www.techservsn.com\/wp-content\/uploads\/2021\/06\/New_BOND-MAX.pdf\" target=\"_blank\" rel=\"noopener\">Voire la fiche technique<\/a><\/p>\n","protected":false},"featured_media":5476,"template":"","meta":[],"product_brand":[],"product_cat":[115],"product_tag":[],"class_list":{"0":"post-5475","1":"product","2":"type-product","3":"status-publish","4":"has-post-thumbnail","6":"product_cat-biologie-medicale","8":"first","9":"instock","10":"virtual","11":"product-type-simple"},"_links":{"self":[{"href":"https:\/\/www.techservsn.com\/en\/wp-json\/wp\/v2\/product\/5475","targetHints":{"allow":["GET"]}}],"collection":[{"href":"https:\/\/www.techservsn.com\/en\/wp-json\/wp\/v2\/product"}],"about":[{"href":"https:\/\/www.techservsn.com\/en\/wp-json\/wp\/v2\/types\/product"}],"wp:featuredmedia":[{"embeddable":true,"href":"https:\/\/www.techservsn.com\/en\/wp-json\/wp\/v2\/media\/5476"}],"wp:attachment":[{"href":"https:\/\/www.techservsn.com\/en\/wp-json\/wp\/v2\/media?parent=5475"}],"wp:term":[{"taxonomy":"product_brand","embeddable":true,"href":"https:\/\/www.techservsn.com\/en\/wp-json\/wp\/v2\/product_brand?post=5475"},{"taxonomy":"product_cat","embeddable":true,"href":"https:\/\/www.techservsn.com\/en\/wp-json\/wp\/v2\/product_cat?post=5475"},{"taxonomy":"product_tag","embeddable":true,"href":"https:\/\/www.techservsn.com\/en\/wp-json\/wp\/v2\/product_tag?post=5475"}],"curies":[{"name":"wp","href":"https:\/\/api.w.org\/{rel}","templated":true}]}}