{"id":5473,"date":"2021-05-21T13:57:58","date_gmt":"2021-05-21T11:57:58","guid":{"rendered":"https:\/\/www.techservsn.com\/?post_type=product&#038;p=5473"},"modified":"2021-06-23T18:09:34","modified_gmt":"2021-06-23T16:09:34","slug":"station-denrobage-histocore-arcadia-h-c","status":"publish","type":"product","link":"https:\/\/www.techservsn.com\/en\/produit\/station-denrobage-histocore-arcadia-h-c\/","title":{"rendered":"Station d\u2019Enrobage HISTOCORE ARCADIA H \/ C"},"content":{"rendered":"","protected":false},"excerpt":{"rendered":"<p>Le syst\u00e8me HistoCore Arcadia H permet une utilisation simple et un contr\u00f4le pr\u00e9cis, et procure ainsi une qualit\u00e9 am\u00e9lior\u00e9e ainsi qu&#8217;un flux de travail fluide, tout en garantissant la fiabilit\u00e9 et la rapidit\u00e9 de votre travail d\u2019enrobage.<br \/>\nIl comprend des repose-poignets pour un confort et une stabilit\u00e9 renforc\u00e9s, une loupe am\u00e9lior\u00e9e pour l&#8217;enrobage de petites biopsies et un \u00e9cran LCD tactile pour une commande et un contr\u00f4le accrus de l\u2019instrument<\/p>\n","protected":false},"featured_media":5474,"template":"","meta":[],"product_brand":[],"product_cat":[126],"product_tag":[],"class_list":{"0":"post-5473","1":"product","2":"type-product","3":"status-publish","4":"has-post-thumbnail","6":"product_cat-anatomie-pathologique","8":"first","9":"instock","10":"virtual","11":"product-type-simple"},"_links":{"self":[{"href":"https:\/\/www.techservsn.com\/en\/wp-json\/wp\/v2\/product\/5473","targetHints":{"allow":["GET"]}}],"collection":[{"href":"https:\/\/www.techservsn.com\/en\/wp-json\/wp\/v2\/product"}],"about":[{"href":"https:\/\/www.techservsn.com\/en\/wp-json\/wp\/v2\/types\/product"}],"wp:featuredmedia":[{"embeddable":true,"href":"https:\/\/www.techservsn.com\/en\/wp-json\/wp\/v2\/media\/5474"}],"wp:attachment":[{"href":"https:\/\/www.techservsn.com\/en\/wp-json\/wp\/v2\/media?parent=5473"}],"wp:term":[{"taxonomy":"product_brand","embeddable":true,"href":"https:\/\/www.techservsn.com\/en\/wp-json\/wp\/v2\/product_brand?post=5473"},{"taxonomy":"product_cat","embeddable":true,"href":"https:\/\/www.techservsn.com\/en\/wp-json\/wp\/v2\/product_cat?post=5473"},{"taxonomy":"product_tag","embeddable":true,"href":"https:\/\/www.techservsn.com\/en\/wp-json\/wp\/v2\/product_tag?post=5473"}],"curies":[{"name":"wp","href":"https:\/\/api.w.org\/{rel}","templated":true}]}}