{"id":5471,"date":"2021-05-21T13:53:38","date_gmt":"2021-05-21T11:53:38","guid":{"rendered":"https:\/\/www.techservsn.com\/?post_type=product&#038;p=5471"},"modified":"2021-06-14T00:41:47","modified_gmt":"2021-06-13T22:41:47","slug":"st-genesia","status":"publish","type":"product","link":"https:\/\/www.techservsn.com\/en\/produit\/st-genesia\/","title":{"rendered":"ST Genesia"},"content":{"rendered":"","protected":false},"excerpt":{"rendered":"<p>ST Genesia offre un syst\u00e8me enti\u00e8rement automatis\u00e9 pour mesurer la production de thrombine en PPP, avec des caract\u00e9ristiques uniques comme l\u2019\u00e9talonnage autrefois quotidien, le plasma de r\u00e9f\u00e9rence et le contr\u00f4le de la temp\u00e9rature qui permettent des r\u00e9sultats standardis\u00e9s entre les laboratoires.<\/p>\n<p style=\"text-align: center;\"><a class=\"button\" style=\"background: #396CF0; color: #ffffff; border-color: #103178;\" href=\"https:\/\/www.techservsn.com\/wp-content\/uploads\/2021\/06\/CATALOGUE-STAGO.pdf\" target=\"_blank\" rel=\"noopener\">Voire la fiche technique<\/a><\/p>\n","protected":false},"featured_media":5472,"template":"","meta":[],"product_brand":[],"product_cat":[124],"product_tag":[],"class_list":{"0":"post-5471","1":"product","2":"type-product","3":"status-publish","4":"has-post-thumbnail","6":"product_cat-hematologie","8":"first","9":"instock","10":"shipping-taxable","11":"product-type-simple"},"_links":{"self":[{"href":"https:\/\/www.techservsn.com\/en\/wp-json\/wp\/v2\/product\/5471","targetHints":{"allow":["GET"]}}],"collection":[{"href":"https:\/\/www.techservsn.com\/en\/wp-json\/wp\/v2\/product"}],"about":[{"href":"https:\/\/www.techservsn.com\/en\/wp-json\/wp\/v2\/types\/product"}],"wp:featuredmedia":[{"embeddable":true,"href":"https:\/\/www.techservsn.com\/en\/wp-json\/wp\/v2\/media\/5472"}],"wp:attachment":[{"href":"https:\/\/www.techservsn.com\/en\/wp-json\/wp\/v2\/media?parent=5471"}],"wp:term":[{"taxonomy":"product_brand","embeddable":true,"href":"https:\/\/www.techservsn.com\/en\/wp-json\/wp\/v2\/product_brand?post=5471"},{"taxonomy":"product_cat","embeddable":true,"href":"https:\/\/www.techservsn.com\/en\/wp-json\/wp\/v2\/product_cat?post=5471"},{"taxonomy":"product_tag","embeddable":true,"href":"https:\/\/www.techservsn.com\/en\/wp-json\/wp\/v2\/product_tag?post=5471"}],"curies":[{"name":"wp","href":"https:\/\/api.w.org\/{rel}","templated":true}]}}