{"id":5447,"date":"2021-05-19T01:51:06","date_gmt":"2021-05-18T23:51:06","guid":{"rendered":"https:\/\/www.techservsn.com\/?post_type=product&#038;p=5447"},"modified":"2021-06-10T17:58:09","modified_gmt":"2021-06-10T15:58:09","slug":"paxeraris","status":"publish","type":"product","link":"https:\/\/www.techservsn.com\/en\/produit\/paxeraris\/","title":{"rendered":"Paxera RIS"},"content":{"rendered":"","protected":false},"excerpt":{"rendered":"<p>Syst\u00e8me d&#8217;information radiologique<br \/>\nPr\u00e9sentation du tout nouveau PaxeraRIS bas\u00e9 sur le Web, une plate-forme intuitive de gestion des flux de travail pour contr\u00f4ler enti\u00e8rement la gestion des donn\u00e9es de radiologie au sein de l&#8217;entreprise.<br \/>\nConstruit en utilisant une technologie de pointe pour \u00e9tablir un niveau d&#8217;unicit\u00e9 pour l&#8217;industrie de l&#8217;informatique de la sant\u00e9. Il s&#8217;agit d&#8217;un puissant moteur de gestion de workflow bas\u00e9 sur le Web, dot\u00e9 d&#8217;une solution de business intelligence pour g\u00e9rer les big data afin de tirer le meilleur parti de vos tr\u00e9sors cach\u00e9s.<br \/>\nPaxeraRIS Permet un contr\u00f4le complet de toutes les donn\u00e9es radiologiques et simplifie le flux de travail dans tout le service de radiologie.<\/p>\n<p style=\"text-align: center;\"><a class=\"button\" style=\"background: #103178; color: #ffffff; border-color: #103178;\" href=\"#\" target=\"_blank\" rel=\"noopener\">Voire la fiche technique<\/a><\/p>\n","protected":false},"featured_media":5448,"template":"","meta":[],"product_brand":[],"product_cat":[117],"product_tag":[],"class_list":{"0":"post-5447","1":"product","2":"type-product","3":"status-publish","4":"has-post-thumbnail","6":"product_cat-imagerie","8":"first","9":"instock","10":"virtual","11":"product-type-simple"},"_links":{"self":[{"href":"https:\/\/www.techservsn.com\/en\/wp-json\/wp\/v2\/product\/5447","targetHints":{"allow":["GET"]}}],"collection":[{"href":"https:\/\/www.techservsn.com\/en\/wp-json\/wp\/v2\/product"}],"about":[{"href":"https:\/\/www.techservsn.com\/en\/wp-json\/wp\/v2\/types\/product"}],"wp:featuredmedia":[{"embeddable":true,"href":"https:\/\/www.techservsn.com\/en\/wp-json\/wp\/v2\/media\/5448"}],"wp:attachment":[{"href":"https:\/\/www.techservsn.com\/en\/wp-json\/wp\/v2\/media?parent=5447"}],"wp:term":[{"taxonomy":"product_brand","embeddable":true,"href":"https:\/\/www.techservsn.com\/en\/wp-json\/wp\/v2\/product_brand?post=5447"},{"taxonomy":"product_cat","embeddable":true,"href":"https:\/\/www.techservsn.com\/en\/wp-json\/wp\/v2\/product_cat?post=5447"},{"taxonomy":"product_tag","embeddable":true,"href":"https:\/\/www.techservsn.com\/en\/wp-json\/wp\/v2\/product_tag?post=5447"}],"curies":[{"name":"wp","href":"https:\/\/api.w.org\/{rel}","templated":true}]}}