{"id":5445,"date":"2021-05-19T01:49:34","date_gmt":"2021-05-18T23:49:34","guid":{"rendered":"https:\/\/www.techservsn.com\/?post_type=product&#038;p=5445"},"modified":"2021-05-19T01:49:35","modified_gmt":"2021-05-18T23:49:35","slug":"paxera-ultima","status":"publish","type":"product","link":"https:\/\/www.techservsn.com\/en\/produit\/paxera-ultima\/","title":{"rendered":"Paxera Ultima"},"content":{"rendered":"","protected":false},"excerpt":{"rendered":"<p>Syst\u00e8me de gestion de donn\u00e9es de classe qui consolide les images m\u00e9dicales \u00e0 partir d&#8217;un visualiseur Web de diagnostic multi-modalit\u00e9, con\u00e7u pour h\u00e9berger des images stock\u00e9es sur le serveur local ou une configuration cloud.<br \/>\nUne passerelle est utilis\u00e9e pour connecter les modalit\u00e9s (via des connexions DICOM) au serveur local. Le logiciel de poste de travail auto-personnalisable peut \u00eatre utilis\u00e9 pour interpr\u00e9ter efficacement la radiologie, la cardiologie, la mammographie et tout type d&#8217;image non DICOM.<br \/>\nNous utilisons une technologie de streaming unique ultra-rapide pour visualiser les images et les cin\u00e9s directement depuis le serveur local. Le visualiseur d&#8217;images fonctionne \u00e0 partir de l&#8217;interface Web https s\u00e9curis\u00e9e, les t\u00e9l\u00e9chargements d\u00e9marrent imm\u00e9diatement apr\u00e8s la s\u00e9lection du patient requis, l&#8217;image recherch\u00e9e se charge en premier &#8211; et en arri\u00e8re-plan.<br \/>\nLa solution PaxeraUltima a \u00e9t\u00e9 con\u00e7ue pour prendre en charge l&#8217;optimisation et la croissance de vos installations, et notre assistance in\u00e9gal\u00e9e vous permet de vous concentrer sur ce qui compte le plus, tout en prenant en charge le reste.<\/p>\n<p style=\"text-align: center;\"><a class=\"button\" style=\"background: #103178; color: #ffffff; border-color: #103178;\" href=\"#\" target=\"_blank\" rel=\"noopener\">Voire la fiche technique<\/a><\/p>\n","protected":false},"featured_media":5446,"template":"","meta":[],"product_brand":[],"product_cat":[117],"product_tag":[],"class_list":{"0":"post-5445","1":"product","2":"type-product","3":"status-publish","4":"has-post-thumbnail","6":"product_cat-imagerie","8":"first","9":"instock","10":"virtual","11":"product-type-simple"},"_links":{"self":[{"href":"https:\/\/www.techservsn.com\/en\/wp-json\/wp\/v2\/product\/5445","targetHints":{"allow":["GET"]}}],"collection":[{"href":"https:\/\/www.techservsn.com\/en\/wp-json\/wp\/v2\/product"}],"about":[{"href":"https:\/\/www.techservsn.com\/en\/wp-json\/wp\/v2\/types\/product"}],"wp:featuredmedia":[{"embeddable":true,"href":"https:\/\/www.techservsn.com\/en\/wp-json\/wp\/v2\/media\/5446"}],"wp:attachment":[{"href":"https:\/\/www.techservsn.com\/en\/wp-json\/wp\/v2\/media?parent=5445"}],"wp:term":[{"taxonomy":"product_brand","embeddable":true,"href":"https:\/\/www.techservsn.com\/en\/wp-json\/wp\/v2\/product_brand?post=5445"},{"taxonomy":"product_cat","embeddable":true,"href":"https:\/\/www.techservsn.com\/en\/wp-json\/wp\/v2\/product_cat?post=5445"},{"taxonomy":"product_tag","embeddable":true,"href":"https:\/\/www.techservsn.com\/en\/wp-json\/wp\/v2\/product_tag?post=5445"}],"curies":[{"name":"wp","href":"https:\/\/api.w.org\/{rel}","templated":true}]}}