{"id":5443,"date":"2021-05-19T01:47:28","date_gmt":"2021-05-18T23:47:28","guid":{"rendered":"https:\/\/www.techservsn.com\/?post_type=product&#038;p=5443"},"modified":"2021-05-19T01:47:28","modified_gmt":"2021-05-18T23:47:28","slug":"paxera-archive","status":"publish","type":"product","link":"https:\/\/www.techservsn.com\/en\/produit\/paxera-archive\/","title":{"rendered":"Paxera Archive"},"content":{"rendered":"","protected":false},"excerpt":{"rendered":"<p>PAXERA ARCHIVE<br \/>\nPaxeraArchive est un logiciel d&#8217;archivage et de gestion d&#8217;images. C\u2019est une plate-forme d\u2019imagerie d\u2019entreprise modulaire qui peut \u00eatre licenci\u00e9e et adopt\u00e9e progressivement.<br \/>\nUn syst\u00e8me informatique d\u2019enregistrement, de stockage, d\u2019archivage et de diffusion des images m\u00e9dicales (PACS \u00ab Picture Archiving and Communication System \u00bb, offrant les fonctionnalit\u00e9s suivantes :<br \/>\n&#8211; La mise en \u0153uvre et la gestion globale et centralis\u00e9e de la base de donn\u00e9es d\u2019imagerie de l\u2019\u00e9tablissement.<br \/>\n&#8211; La mise en \u0153uvre d\u2019un portail d\u2019acc\u00e8s Web unique pour tout l\u2019\u00e9tablissement.<br \/>\nNotre approche flexible permet \u00e0 votre h\u00f4pital de s\u00e9lectionner une solution de fournisseur d\u2019imagerie de structure multi-sp\u00e9cialit\u00e9, \u00e9volutive et unique, tout en n\u2019investissant que dans vos besoins, lorsque vous en avez besoin.<\/p>\n<p style=\"text-align: center;\"><a class=\"button\" style=\"background: #103178; color: #ffffff; border-color: #103178;\" href=\"#\" target=\"_blank\" rel=\"noopener\">Voire la fiche technique<\/a><\/p>\n","protected":false},"featured_media":5444,"template":"","meta":[],"product_brand":[],"product_cat":[117],"product_tag":[],"class_list":{"0":"post-5443","1":"product","2":"type-product","3":"status-publish","4":"has-post-thumbnail","6":"product_cat-imagerie","8":"first","9":"instock","10":"virtual","11":"product-type-simple"},"_links":{"self":[{"href":"https:\/\/www.techservsn.com\/en\/wp-json\/wp\/v2\/product\/5443","targetHints":{"allow":["GET"]}}],"collection":[{"href":"https:\/\/www.techservsn.com\/en\/wp-json\/wp\/v2\/product"}],"about":[{"href":"https:\/\/www.techservsn.com\/en\/wp-json\/wp\/v2\/types\/product"}],"wp:featuredmedia":[{"embeddable":true,"href":"https:\/\/www.techservsn.com\/en\/wp-json\/wp\/v2\/media\/5444"}],"wp:attachment":[{"href":"https:\/\/www.techservsn.com\/en\/wp-json\/wp\/v2\/media?parent=5443"}],"wp:term":[{"taxonomy":"product_brand","embeddable":true,"href":"https:\/\/www.techservsn.com\/en\/wp-json\/wp\/v2\/product_brand?post=5443"},{"taxonomy":"product_cat","embeddable":true,"href":"https:\/\/www.techservsn.com\/en\/wp-json\/wp\/v2\/product_cat?post=5443"},{"taxonomy":"product_tag","embeddable":true,"href":"https:\/\/www.techservsn.com\/en\/wp-json\/wp\/v2\/product_tag?post=5443"}],"curies":[{"name":"wp","href":"https:\/\/api.w.org\/{rel}","templated":true}]}}