{"id":5441,"date":"2021-05-19T01:45:24","date_gmt":"2021-05-18T23:45:24","guid":{"rendered":"https:\/\/www.techservsn.com\/?post_type=product&#038;p=5441"},"modified":"2021-05-21T14:55:53","modified_gmt":"2021-05-21T12:55:53","slug":"ecg-mac-600","status":"publish","type":"product","link":"https:\/\/www.techservsn.com\/en\/produit\/ecg-mac-600\/","title":{"rendered":"ECG MAC 600"},"content":{"rendered":"","protected":false},"excerpt":{"rendered":"<p>L\u2019ECG MAC 600<br \/>\nCe dispositif int\u00e8gre des programmes d\u2019analyse \u00e0 l\u2019ensemble des syst\u00e8mes de diagnostic et de surveillance des ECG. C\u2019est un dispositif \u00e0 12 d\u00e9rivations simultan\u00e9es &#8211; 3 canaux &#8211; Interface carte SD : Compatible avec Cardiosoft V6.51 &#8211; Poids 1,2 Kg.<br \/>\nImprimante thermique int\u00e9gr\u00e9e<br \/>\nFonctionnement sur batterie pour jusqu&#8217;\u00e0 250 examens ECG<br \/>\nUn fonctionnement intuitif<br \/>\nAper\u00e7u de l&#8217;application<br \/>\nPour l&#8217;enregistrement des ECG au repos chez les adultes et les enfants<br \/>\n\u00c9valuation possible directement sur l&#8217;\u00e9cran sans impression<\/p>\n<p style=\"text-align: center;\"><a class=\"button\" style=\"background: #103178; color: #ffffff; border-color: #103178;\" href=\"#\" target=\"_blank\" rel=\"noopener\">Voire la fiche technique<\/a><\/p>\n","protected":false},"featured_media":5442,"template":"","meta":[],"product_brand":[],"product_cat":[129],"product_tag":[],"class_list":{"0":"post-5441","1":"product","2":"type-product","3":"status-publish","4":"has-post-thumbnail","6":"product_cat-cardio-vasculaire","8":"first","9":"instock","10":"virtual","11":"product-type-simple"},"_links":{"self":[{"href":"https:\/\/www.techservsn.com\/en\/wp-json\/wp\/v2\/product\/5441","targetHints":{"allow":["GET"]}}],"collection":[{"href":"https:\/\/www.techservsn.com\/en\/wp-json\/wp\/v2\/product"}],"about":[{"href":"https:\/\/www.techservsn.com\/en\/wp-json\/wp\/v2\/types\/product"}],"wp:featuredmedia":[{"embeddable":true,"href":"https:\/\/www.techservsn.com\/en\/wp-json\/wp\/v2\/media\/5442"}],"wp:attachment":[{"href":"https:\/\/www.techservsn.com\/en\/wp-json\/wp\/v2\/media?parent=5441"}],"wp:term":[{"taxonomy":"product_brand","embeddable":true,"href":"https:\/\/www.techservsn.com\/en\/wp-json\/wp\/v2\/product_brand?post=5441"},{"taxonomy":"product_cat","embeddable":true,"href":"https:\/\/www.techservsn.com\/en\/wp-json\/wp\/v2\/product_cat?post=5441"},{"taxonomy":"product_tag","embeddable":true,"href":"https:\/\/www.techservsn.com\/en\/wp-json\/wp\/v2\/product_tag?post=5441"}],"curies":[{"name":"wp","href":"https:\/\/api.w.org\/{rel}","templated":true}]}}