{"id":5439,"date":"2021-05-19T01:42:50","date_gmt":"2021-05-18T23:42:50","guid":{"rendered":"https:\/\/www.techservsn.com\/?post_type=product&#038;p=5439"},"modified":"2021-06-16T14:23:24","modified_gmt":"2021-06-16T12:23:24","slug":"clariscan","status":"publish","type":"product","link":"https:\/\/www.techservsn.com\/en\/produit\/clariscan\/","title":{"rendered":"Clariscan"},"content":{"rendered":"","protected":false},"excerpt":{"rendered":"<p>Produit de Contraste pour IRM<br \/>\nCLARISCAN, GE Healthcare<br \/>\nPDC Acide Gadot\u00e8rique Macrocyclique (ionique)<br \/>\nPlusieurs pr\u00e9sentations :<br \/>\n0,5mmol\/10ml<br \/>\n0,5mmol\/15ml<br \/>\n0,5mmol\/20ml<br \/>\nAVANTAGES :<br \/>\nR\u00e9duire la pr\u00e9valence significativement la pr\u00e9valence des effets secondaires mod\u00e9r\u00e9s \u00e0 s\u00e9v\u00e8res<br \/>\nMinimiser les risques de d\u00e9p\u00f4t et accumulation de Gd sur les tissus comme le cerveau<br \/>\nMeilleur contraste en r\u00e9pondant aux besoins d\u2019imagerie pour les indications et pour tout \u00e2ge<br \/>\nMeilleure accessibilit\u00e9 par rapport \u00e0 DOTAREM*<\/p>\n","protected":false},"featured_media":5440,"template":"","meta":[],"product_brand":[],"product_cat":[149],"product_tag":[],"class_list":{"0":"post-5439","1":"product","2":"type-product","3":"status-publish","4":"has-post-thumbnail","6":"product_cat-consommables-imagerie","8":"first","9":"instock","10":"virtual","11":"product-type-simple"},"_links":{"self":[{"href":"https:\/\/www.techservsn.com\/en\/wp-json\/wp\/v2\/product\/5439","targetHints":{"allow":["GET"]}}],"collection":[{"href":"https:\/\/www.techservsn.com\/en\/wp-json\/wp\/v2\/product"}],"about":[{"href":"https:\/\/www.techservsn.com\/en\/wp-json\/wp\/v2\/types\/product"}],"wp:featuredmedia":[{"embeddable":true,"href":"https:\/\/www.techservsn.com\/en\/wp-json\/wp\/v2\/media\/5440"}],"wp:attachment":[{"href":"https:\/\/www.techservsn.com\/en\/wp-json\/wp\/v2\/media?parent=5439"}],"wp:term":[{"taxonomy":"product_brand","embeddable":true,"href":"https:\/\/www.techservsn.com\/en\/wp-json\/wp\/v2\/product_brand?post=5439"},{"taxonomy":"product_cat","embeddable":true,"href":"https:\/\/www.techservsn.com\/en\/wp-json\/wp\/v2\/product_cat?post=5439"},{"taxonomy":"product_tag","embeddable":true,"href":"https:\/\/www.techservsn.com\/en\/wp-json\/wp\/v2\/product_tag?post=5439"}],"curies":[{"name":"wp","href":"https:\/\/api.w.org\/{rel}","templated":true}]}}