{"id":5437,"date":"2021-05-19T01:41:21","date_gmt":"2021-05-18T23:41:21","guid":{"rendered":"https:\/\/www.techservsn.com\/?post_type=product&#038;p=5437"},"modified":"2021-06-15T03:47:35","modified_gmt":"2021-06-15T01:47:35","slug":"omnipaque","status":"publish","type":"product","link":"https:\/\/www.techservsn.com\/en\/produit\/omnipaque\/","title":{"rendered":"Omnipaque"},"content":{"rendered":"","protected":false},"excerpt":{"rendered":"<p>Produit de Contraste Iod\u00e9<br \/>\nOMNIPAQUE, GE Healthcare<br \/>\nSolution faiblement hyperosmolaire, Non ionis\u00e9<br \/>\nPlusieurs dosages 300mg\/50ml,<br \/>\n300mg\/100ml,<br \/>\n350mg\/50ml,<br \/>\n350mg\/100ml<br \/>\nAVANTAGES :<br \/>\nR\u00e9duire significativement la pr\u00e9valence des effets ind\u00e9sirables mod\u00e9r\u00e9s \u00e0 s\u00e9v\u00e8res<br \/>\nMinimiser les risques d\u2019effets cardiaques et des n\u00e9phropathies induites par PDC<br \/>\nLa polyvalence permettant de r\u00e9pondre aux besoins d\u2019imagerie pour les indications et pour tout \u00e2ge<br \/>\nFacilit\u00e9 de stockage et manipulation sans risque de casser le flacon recyclable.<\/p>\n<p style=\"text-align: center;\"><a class=\"button\" style=\"background: #103178; color: #ffffff; border-color: #103178;\" href=\"#\" target=\"_blank\" rel=\"noopener\">Voire la fiche technique<\/a><\/p>\n","protected":false},"featured_media":5438,"template":"","meta":[],"product_brand":[],"product_cat":[149],"product_tag":[],"class_list":{"0":"post-5437","1":"product","2":"type-product","3":"status-publish","4":"has-post-thumbnail","6":"product_cat-consommables-imagerie","8":"first","9":"instock","10":"virtual","11":"product-type-simple"},"_links":{"self":[{"href":"https:\/\/www.techservsn.com\/en\/wp-json\/wp\/v2\/product\/5437","targetHints":{"allow":["GET"]}}],"collection":[{"href":"https:\/\/www.techservsn.com\/en\/wp-json\/wp\/v2\/product"}],"about":[{"href":"https:\/\/www.techservsn.com\/en\/wp-json\/wp\/v2\/types\/product"}],"wp:featuredmedia":[{"embeddable":true,"href":"https:\/\/www.techservsn.com\/en\/wp-json\/wp\/v2\/media\/5438"}],"wp:attachment":[{"href":"https:\/\/www.techservsn.com\/en\/wp-json\/wp\/v2\/media?parent=5437"}],"wp:term":[{"taxonomy":"product_brand","embeddable":true,"href":"https:\/\/www.techservsn.com\/en\/wp-json\/wp\/v2\/product_brand?post=5437"},{"taxonomy":"product_cat","embeddable":true,"href":"https:\/\/www.techservsn.com\/en\/wp-json\/wp\/v2\/product_cat?post=5437"},{"taxonomy":"product_tag","embeddable":true,"href":"https:\/\/www.techservsn.com\/en\/wp-json\/wp\/v2\/product_tag?post=5437"}],"curies":[{"name":"wp","href":"https:\/\/api.w.org\/{rel}","templated":true}]}}