{"id":5433,"date":"2021-05-19T01:37:28","date_gmt":"2021-05-18T23:37:28","guid":{"rendered":"https:\/\/www.techservsn.com\/?post_type=product&#038;p=5433"},"modified":"2021-05-21T15:08:37","modified_gmt":"2021-05-21T13:08:37","slug":"systemes-cr-vita-flex-de-carestream","status":"publish","type":"product","link":"https:\/\/www.techservsn.com\/en\/produit\/systemes-cr-vita-flex-de-carestream\/","title":{"rendered":"Syst\u00e8mes CR Vita Flex de CARESTREAM"},"content":{"rendered":"","protected":false},"excerpt":{"rendered":"<p>Radiographie num\u00e9rique CR, compacte, flexible et abordable<br \/>\nLe syst\u00e8me CR Vita Flex de CARESTREAM a \u00e9t\u00e9 con\u00e7u pour les cabinets m\u00e9dicaux et les petites structures. Il permet de disposer d\u2019une imagerie num\u00e9rique de haute qualit\u00e9. Il est adapt\u00e9 aux espaces r\u00e9duits ou mobiles gr\u00e2ce \u00e0 une orientation souple. <\/p>\n<p style=\"text-align: center;\"><a class=\"button\" style=\"background: #103178; color: #ffffff; border-color: #103178;\" href=\"#\" target=\"_blank\" rel=\"noopener\">Voire la fiche technique<\/a><\/p>\n","protected":false},"featured_media":5434,"template":"","meta":[],"product_brand":[],"product_cat":[119],"product_tag":[],"class_list":{"0":"post-5433","1":"product","2":"type-product","3":"status-publish","4":"has-post-thumbnail","6":"product_cat-rx","8":"first","9":"instock","10":"virtual","11":"product-type-simple"},"_links":{"self":[{"href":"https:\/\/www.techservsn.com\/en\/wp-json\/wp\/v2\/product\/5433","targetHints":{"allow":["GET"]}}],"collection":[{"href":"https:\/\/www.techservsn.com\/en\/wp-json\/wp\/v2\/product"}],"about":[{"href":"https:\/\/www.techservsn.com\/en\/wp-json\/wp\/v2\/types\/product"}],"wp:featuredmedia":[{"embeddable":true,"href":"https:\/\/www.techservsn.com\/en\/wp-json\/wp\/v2\/media\/5434"}],"wp:attachment":[{"href":"https:\/\/www.techservsn.com\/en\/wp-json\/wp\/v2\/media?parent=5433"}],"wp:term":[{"taxonomy":"product_brand","embeddable":true,"href":"https:\/\/www.techservsn.com\/en\/wp-json\/wp\/v2\/product_brand?post=5433"},{"taxonomy":"product_cat","embeddable":true,"href":"https:\/\/www.techservsn.com\/en\/wp-json\/wp\/v2\/product_cat?post=5433"},{"taxonomy":"product_tag","embeddable":true,"href":"https:\/\/www.techservsn.com\/en\/wp-json\/wp\/v2\/product_tag?post=5433"}],"curies":[{"name":"wp","href":"https:\/\/api.w.org\/{rel}","templated":true}]}}