{"id":5431,"date":"2021-05-19T01:35:49","date_gmt":"2021-05-18T23:35:49","guid":{"rendered":"https:\/\/www.techservsn.com\/?post_type=product&#038;p=5431"},"modified":"2021-05-21T15:10:15","modified_gmt":"2021-05-21T13:10:15","slug":"systemes-carestream-directview-cr","status":"publish","type":"product","link":"https:\/\/www.techservsn.com\/en\/produit\/systemes-carestream-directview-cr\/","title":{"rendered":"Syst\u00e8mes CARESTREAM DIRECTVIEW CR Classique"},"content":{"rendered":"","protected":false},"excerpt":{"rendered":"<p>Con\u00e7u pour les structures \u00e0 haute cadence d\u2019utilisation, les syst\u00e8mes CR DIRECTVIEW de CARESTREAM repr\u00e9sentent une solution pour fluidifier la prise en charge des patients, acc\u00e9l\u00e9rer le travail et accro\u00eetre la rentabilit\u00e9. Simple d\u2019utilisation et un faible encombrement, ce dispositif reproduit une excellente qualit\u00e9 d\u2019image.<\/p>\n<p style=\"text-align: center;\"><a class=\"button\" style=\"background: #103178; color: #ffffff; border-color: #103178;\" href=\"#\" target=\"_blank\" rel=\"noopener\">Voire la fiche technique<\/a><\/p>\n","protected":false},"featured_media":5432,"template":"","meta":[],"product_brand":[],"product_cat":[119],"product_tag":[],"class_list":{"0":"post-5431","1":"product","2":"type-product","3":"status-publish","4":"has-post-thumbnail","6":"product_cat-rx","8":"first","9":"instock","10":"virtual","11":"product-type-simple"},"_links":{"self":[{"href":"https:\/\/www.techservsn.com\/en\/wp-json\/wp\/v2\/product\/5431","targetHints":{"allow":["GET"]}}],"collection":[{"href":"https:\/\/www.techservsn.com\/en\/wp-json\/wp\/v2\/product"}],"about":[{"href":"https:\/\/www.techservsn.com\/en\/wp-json\/wp\/v2\/types\/product"}],"wp:featuredmedia":[{"embeddable":true,"href":"https:\/\/www.techservsn.com\/en\/wp-json\/wp\/v2\/media\/5432"}],"wp:attachment":[{"href":"https:\/\/www.techservsn.com\/en\/wp-json\/wp\/v2\/media?parent=5431"}],"wp:term":[{"taxonomy":"product_brand","embeddable":true,"href":"https:\/\/www.techservsn.com\/en\/wp-json\/wp\/v2\/product_brand?post=5431"},{"taxonomy":"product_cat","embeddable":true,"href":"https:\/\/www.techservsn.com\/en\/wp-json\/wp\/v2\/product_cat?post=5431"},{"taxonomy":"product_tag","embeddable":true,"href":"https:\/\/www.techservsn.com\/en\/wp-json\/wp\/v2\/product_tag?post=5431"}],"curies":[{"name":"wp","href":"https:\/\/api.w.org\/{rel}","templated":true}]}}