{"id":5426,"date":"2021-05-19T01:26:00","date_gmt":"2021-05-18T23:26:00","guid":{"rendered":"https:\/\/www.techservsn.com\/?post_type=product&#038;p=5426"},"modified":"2021-05-21T14:27:29","modified_gmt":"2021-05-21T12:27:29","slug":"optima-520","status":"publish","type":"product","link":"https:\/\/www.techservsn.com\/en\/produit\/optima-520\/","title":{"rendered":"Optima 520"},"content":{"rendered":"","protected":false},"excerpt":{"rendered":"<p>L\u2019Optima CT520 est une solution de nouvelles perspectives, avec les fonctions ASiR inside (un bond en avant dans la gestion des doses) et VISR (reconstruction de l\u2019espace d\u2019image volum\u00e9trique), pour les proc\u00e9dures interventionnelles.<br \/>\nIl int\u00e8gre des techniques de visualisation avanc\u00e9es et la reconstruction et l\u2019affichage en temps r\u00e9el combin\u00e9es par fonction SmartView Fluoro. Appliquez des interventions guid\u00e9es (biopsie du noyau, des poumons et des ganglions lymphatiques r\u00e9trop\u00e9riton\u00e9al, proc\u00e9dures de drainage ; proc\u00e9dures de gestion de la douleur ; et ablations) en toute confiance avec un d\u00e9calage nominal d\u2019image de seulement 0,20 seconde. Arrivez \u00e0 votre cible avec pr\u00e9cision en utilisant l\u2019affichage rapide de l\u2019image comme guide. Guider les interventions dans les cas moins complexes.<br \/>\nScanner 16 barrettes \/32 coupes<\/p>\n<p style=\"text-align: center;\"><a class=\"button\" style=\"background: #103178; color: #ffffff; border-color: #103178;\" href=\"#\" target=\"_blank\" rel=\"noopener\">Voire la fiche technique<\/a><\/p>\n","protected":false},"featured_media":5427,"template":"","meta":[],"product_brand":[],"product_cat":[118],"product_tag":[],"class_list":{"0":"post-5426","1":"product","2":"type-product","3":"status-publish","4":"has-post-thumbnail","6":"product_cat-scanner","8":"first","9":"instock","10":"virtual","11":"product-type-simple"},"_links":{"self":[{"href":"https:\/\/www.techservsn.com\/en\/wp-json\/wp\/v2\/product\/5426","targetHints":{"allow":["GET"]}}],"collection":[{"href":"https:\/\/www.techservsn.com\/en\/wp-json\/wp\/v2\/product"}],"about":[{"href":"https:\/\/www.techservsn.com\/en\/wp-json\/wp\/v2\/types\/product"}],"wp:featuredmedia":[{"embeddable":true,"href":"https:\/\/www.techservsn.com\/en\/wp-json\/wp\/v2\/media\/5427"}],"wp:attachment":[{"href":"https:\/\/www.techservsn.com\/en\/wp-json\/wp\/v2\/media?parent=5426"}],"wp:term":[{"taxonomy":"product_brand","embeddable":true,"href":"https:\/\/www.techservsn.com\/en\/wp-json\/wp\/v2\/product_brand?post=5426"},{"taxonomy":"product_cat","embeddable":true,"href":"https:\/\/www.techservsn.com\/en\/wp-json\/wp\/v2\/product_cat?post=5426"},{"taxonomy":"product_tag","embeddable":true,"href":"https:\/\/www.techservsn.com\/en\/wp-json\/wp\/v2\/product_tag?post=5426"}],"curies":[{"name":"wp","href":"https:\/\/api.w.org\/{rel}","templated":true}]}}