{"id":5424,"date":"2021-05-19T01:22:29","date_gmt":"2021-05-18T23:22:29","guid":{"rendered":"https:\/\/www.techservsn.com\/?post_type=product&#038;p=5424"},"modified":"2021-05-19T01:24:18","modified_gmt":"2021-05-18T23:24:18","slug":"revolution-act","status":"publish","type":"product","link":"https:\/\/www.techservsn.com\/en\/produit\/revolution-act\/","title":{"rendered":"Revolution\u2122 ACT"},"content":{"rendered":"","protected":false},"excerpt":{"rendered":"<p>Le Revolution ACT 16 barrettes 32 coupes est non seulement un produit r\u00e9volutionnaire, mais \u00e9galement une solution vous permettant de fournir les meilleurs soins au plus grand nombre de patients possible. Il joue un r\u00f4le moteur dans notre engagement \u00e0 vous aider \u00e0 atteindre vos objectifs en mati\u00e8re de services de CT.<br \/>\nLe Revolution ACT a h\u00e9rit\u00e9 de la plupart des technologies \u00e9quipant nos syst\u00e8mes CT Revolution les plus avanc\u00e9s : un nouveau d\u00e9tecteur \u00e0 panneau Clarity, une interface utilisateur moderne. Vous pouvez avoir enti\u00e8rement confiance en notre Revolution\u2122 ACT. Il vous aidera \u00e0 faire face aux prochains d\u00e9fis cliniques et \u00e9conomiques. Nous encourageons l&#8217;innovation de fa\u00e7on intelligente.<br \/>\nScanner 16 barrettes \/ 32 coupes<\/p>\n<p style=\"text-align: center;\"><a class=\"button\" style=\"background: #103178; color: #ffffff; border-color: #103178;\" href=\"#\" target=\"_blank\" rel=\"noopener\">Voire la fiche technique<\/a><\/p>\n","protected":false},"featured_media":5425,"template":"","meta":[],"product_brand":[],"product_cat":[118],"product_tag":[],"class_list":{"0":"post-5424","1":"product","2":"type-product","3":"status-publish","4":"has-post-thumbnail","6":"product_cat-scanner","8":"first","9":"instock","10":"virtual","11":"product-type-simple"},"_links":{"self":[{"href":"https:\/\/www.techservsn.com\/en\/wp-json\/wp\/v2\/product\/5424","targetHints":{"allow":["GET"]}}],"collection":[{"href":"https:\/\/www.techservsn.com\/en\/wp-json\/wp\/v2\/product"}],"about":[{"href":"https:\/\/www.techservsn.com\/en\/wp-json\/wp\/v2\/types\/product"}],"wp:featuredmedia":[{"embeddable":true,"href":"https:\/\/www.techservsn.com\/en\/wp-json\/wp\/v2\/media\/5425"}],"wp:attachment":[{"href":"https:\/\/www.techservsn.com\/en\/wp-json\/wp\/v2\/media?parent=5424"}],"wp:term":[{"taxonomy":"product_brand","embeddable":true,"href":"https:\/\/www.techservsn.com\/en\/wp-json\/wp\/v2\/product_brand?post=5424"},{"taxonomy":"product_cat","embeddable":true,"href":"https:\/\/www.techservsn.com\/en\/wp-json\/wp\/v2\/product_cat?post=5424"},{"taxonomy":"product_tag","embeddable":true,"href":"https:\/\/www.techservsn.com\/en\/wp-json\/wp\/v2\/product_tag?post=5424"}],"curies":[{"name":"wp","href":"https:\/\/api.w.org\/{rel}","templated":true}]}}