{"id":5423,"date":"2021-05-19T01:20:07","date_gmt":"2021-05-18T23:20:07","guid":{"rendered":"https:\/\/www.techservsn.com\/?post_type=product&#038;p=5423"},"modified":"2021-05-26T11:25:33","modified_gmt":"2021-05-26T09:25:33","slug":"senopristina","status":"publish","type":"product","link":"https:\/\/www.techservsn.com\/en\/produit\/senopristina\/","title":{"rendered":"Senopristina"},"content":{"rendered":"","protected":false},"excerpt":{"rendered":"<p>Syst\u00e8me de mammographie 3D qui est plus invitant et plus confortable r\u00e9sultant en une meilleure exp\u00e9rience globale de l\u2019examen des seins. Un portique attrayant et bien con\u00e7u Senographe<br \/>\nPristina syst\u00e8me de mammographie a \u00e9t\u00e9 con\u00e7u pour soulager l\u2019anxi\u00e9t\u00e9 lorsque le patient entre dans la salle d\u2019examen.<\/p>\n<p>Le nouveau portique invitant favorise un sentiment de calme, avec un \u00e9clairage \u00e9l\u00e9gant et des formes douces et arrondies.<br \/>\nUne surface incurv\u00e9e souple invite les patients dans un espace de confort et de soutien.<br \/>\nVous aurez besoin de l\u2019exp\u00e9rimenter pour vraiment r\u00e9aliser ce qu\u2019il peut faire pour vous. Repenser le confort du patient<br \/>\nSenographe Pristina permet de s\u2019assurer que les patients sont \u00e0 l\u2019aise pendant leur mammographie.<\/p>\n<p style=\"text-align: center;\"><a class=\"button\" style=\"background: #103178; color: #ffffff; border-color: #103178;\" href=\"#\" target=\"_blank\" rel=\"noopener\">Voire la fiche technique<\/a><\/p>\n","protected":false},"featured_media":5494,"template":"","meta":[],"product_brand":[],"product_cat":[146],"product_tag":[],"class_list":{"0":"post-5423","1":"product","2":"type-product","3":"status-publish","4":"has-post-thumbnail","6":"product_cat-mammographie","8":"first","9":"instock","10":"virtual","11":"product-type-simple"},"_links":{"self":[{"href":"https:\/\/www.techservsn.com\/en\/wp-json\/wp\/v2\/product\/5423","targetHints":{"allow":["GET"]}}],"collection":[{"href":"https:\/\/www.techservsn.com\/en\/wp-json\/wp\/v2\/product"}],"about":[{"href":"https:\/\/www.techservsn.com\/en\/wp-json\/wp\/v2\/types\/product"}],"wp:featuredmedia":[{"embeddable":true,"href":"https:\/\/www.techservsn.com\/en\/wp-json\/wp\/v2\/media\/5494"}],"wp:attachment":[{"href":"https:\/\/www.techservsn.com\/en\/wp-json\/wp\/v2\/media?parent=5423"}],"wp:term":[{"taxonomy":"product_brand","embeddable":true,"href":"https:\/\/www.techservsn.com\/en\/wp-json\/wp\/v2\/product_brand?post=5423"},{"taxonomy":"product_cat","embeddable":true,"href":"https:\/\/www.techservsn.com\/en\/wp-json\/wp\/v2\/product_cat?post=5423"},{"taxonomy":"product_tag","embeddable":true,"href":"https:\/\/www.techservsn.com\/en\/wp-json\/wp\/v2\/product_tag?post=5423"}],"curies":[{"name":"wp","href":"https:\/\/api.w.org\/{rel}","templated":true}]}}