{"id":5421,"date":"2021-05-19T01:07:57","date_gmt":"2021-05-18T23:07:57","guid":{"rendered":"https:\/\/www.techservsn.com\/?post_type=product&#038;p=5421"},"modified":"2021-05-21T14:59:04","modified_gmt":"2021-05-21T12:59:04","slug":"radio-mobile-xr115","status":"publish","type":"product","link":"https:\/\/www.techservsn.com\/en\/produit\/radio-mobile-xr115\/","title":{"rendered":"Radio Mobile Brivo XR115"},"content":{"rendered":"","protected":false},"excerpt":{"rendered":"<p>Brivo XR-115 : c\u2019est un appareil de radio mobile con\u00e7u pour la prise en charge des patients atteins de COVID-19. Il est facile d\u2019utilisation et \u00e0 nettoyer. Il met en \u00e9vidence les anomalies thoraciques et cardiaques permettant ainsi aux professionnels de d\u00e9signer le meilleur traitement. C\u2019est une machine analogue (\u00e0 brancher sur prise \u00e9lectrique) avec une puissance de 4kW pour les examens de poumons, extr\u00e9mit\u00e9 et abdomen. La<\/p>\n<p style=\"text-align: center;\"><a class=\"button\" style=\"background: #103178; color: #ffffff; border-color: #103178;\" href=\"#\" target=\"_blank\" rel=\"noopener\">Voire la fiche technique<\/a><\/p>\n<p> colonne est inclinable jusqu\u2019\u00e0 180\u00b0 pour plus d\u2019ergonomie.<\/p>\n","protected":false},"featured_media":5422,"template":"","meta":[],"product_brand":[],"product_cat":[119],"product_tag":[],"class_list":{"0":"post-5421","1":"product","2":"type-product","3":"status-publish","4":"has-post-thumbnail","6":"product_cat-rx","8":"first","9":"instock","10":"virtual","11":"product-type-simple"},"_links":{"self":[{"href":"https:\/\/www.techservsn.com\/en\/wp-json\/wp\/v2\/product\/5421","targetHints":{"allow":["GET"]}}],"collection":[{"href":"https:\/\/www.techservsn.com\/en\/wp-json\/wp\/v2\/product"}],"about":[{"href":"https:\/\/www.techservsn.com\/en\/wp-json\/wp\/v2\/types\/product"}],"wp:featuredmedia":[{"embeddable":true,"href":"https:\/\/www.techservsn.com\/en\/wp-json\/wp\/v2\/media\/5422"}],"wp:attachment":[{"href":"https:\/\/www.techservsn.com\/en\/wp-json\/wp\/v2\/media?parent=5421"}],"wp:term":[{"taxonomy":"product_brand","embeddable":true,"href":"https:\/\/www.techservsn.com\/en\/wp-json\/wp\/v2\/product_brand?post=5421"},{"taxonomy":"product_cat","embeddable":true,"href":"https:\/\/www.techservsn.com\/en\/wp-json\/wp\/v2\/product_cat?post=5421"},{"taxonomy":"product_tag","embeddable":true,"href":"https:\/\/www.techservsn.com\/en\/wp-json\/wp\/v2\/product_tag?post=5421"}],"curies":[{"name":"wp","href":"https:\/\/api.w.org\/{rel}","templated":true}]}}