{"id":3562,"date":"2021-04-28T04:34:38","date_gmt":"2021-04-28T02:34:38","guid":{"rendered":"https:\/\/www.techservsn.com\/?post_type=product&#038;p=3562"},"modified":"2021-05-19T00:58:56","modified_gmt":"2021-05-18T22:58:56","slug":"logiq-e10","status":"publish","type":"product","link":"https:\/\/www.techservsn.com\/en\/produit\/logiq-e10\/","title":{"rendered":"LOGIQ E10"},"content":{"rendered":"","protected":false},"excerpt":{"rendered":"<p>L\u2019\u00e9chographie LOGIQ E10, syst\u00e8me d\u2019\u00e9chographie de nouvelle g\u00e9n\u00e9ration pour la radiologie avec une gamme compl\u00e8te d\u2019outils d\u2019imagerie de pointe.<br \/>\nProfitez de notre \u00e9chographie la plus avanc\u00e9e technologiquement pour apporter une imagerie rapide, pr\u00e9cise et coh\u00e9rente \u00e0 vos patients, \u00e0 votre fa\u00e7on.<br \/>\nL\u2019ultrason de nouvelle g\u00e9n\u00e9ration aliment\u00e9 par notre \u00e9prouv\u00e9, haute performance cSound Architecture offre une qualit\u00e9 d\u2019image extraordinaire, de sorte que vous pouvez obtenir la clart\u00e9, la coh\u00e9rence et la confiance dont vous avez besoin pour un large \u00e9ventail d\u2019applications cliniques.<\/p>\n<p style=\"text-align: center;\"><a class=\"button\" style=\"background: #103178; color: #ffffff; border-color: #103178;\" href=\"#\" target=\"_blank\" rel=\"noopener\">Voire la fiche technique<\/a><\/p>\n","protected":false},"featured_media":3617,"template":"","meta":[],"product_brand":[],"product_cat":[117],"product_tag":[],"class_list":{"0":"post-3562","1":"product","2":"type-product","3":"status-publish","4":"has-post-thumbnail","6":"product_cat-imagerie","8":"first","9":"instock","10":"shipping-taxable","11":"product-type-simple"},"_links":{"self":[{"href":"https:\/\/www.techservsn.com\/en\/wp-json\/wp\/v2\/product\/3562","targetHints":{"allow":["GET"]}}],"collection":[{"href":"https:\/\/www.techservsn.com\/en\/wp-json\/wp\/v2\/product"}],"about":[{"href":"https:\/\/www.techservsn.com\/en\/wp-json\/wp\/v2\/types\/product"}],"wp:featuredmedia":[{"embeddable":true,"href":"https:\/\/www.techservsn.com\/en\/wp-json\/wp\/v2\/media\/3617"}],"wp:attachment":[{"href":"https:\/\/www.techservsn.com\/en\/wp-json\/wp\/v2\/media?parent=3562"}],"wp:term":[{"taxonomy":"product_brand","embeddable":true,"href":"https:\/\/www.techservsn.com\/en\/wp-json\/wp\/v2\/product_brand?post=3562"},{"taxonomy":"product_cat","embeddable":true,"href":"https:\/\/www.techservsn.com\/en\/wp-json\/wp\/v2\/product_cat?post=3562"},{"taxonomy":"product_tag","embeddable":true,"href":"https:\/\/www.techservsn.com\/en\/wp-json\/wp\/v2\/product_tag?post=3562"}],"curies":[{"name":"wp","href":"https:\/\/api.w.org\/{rel}","templated":true}]}}