{"id":3561,"date":"2021-04-28T04:34:38","date_gmt":"2021-04-28T02:34:38","guid":{"rendered":"https:\/\/www.techservsn.com\/?post_type=product&#038;p=3561"},"modified":"2021-05-19T00:58:26","modified_gmt":"2021-05-18T22:58:26","slug":"logiq-s8","status":"publish","type":"product","link":"https:\/\/www.techservsn.com\/en\/produit\/logiq-s8\/","title":{"rendered":"LOGIQ S8"},"content":{"rendered":"","protected":false},"excerpt":{"rendered":"<p> Avec l&#8217;utilisation croissante de l&#8217;\u00e9chographie, les praticiens de sant\u00e9 sont mis au d\u00e9fi de scanner des patients d&#8217;\u00e2ges et de tailles diff\u00e9rents, en englobant une vaste gamme de domaines cliniques, tels que l&#8217;imagerie abdominale, vasculaire, cardiaque, ost\u00e9o-articulaire, des parties molles, p\u00e9diatrique, l&#8217;imagerie en n\u00e9onatologie, OB\/GYN et urologie.<br \/>\nUn v\u00e9ritable bourreau de travail. Sa conception intelligente et l\u00e9g\u00e8re int\u00e8gre des technologies puissantes, le flux de travail et l&#8217;exp\u00e9rience utilisateur s&#8217;en trouvent am\u00e9lior\u00e9s.<\/p>\n<p style=\"text-align: center;\"><a class=\"button\" style=\"background: #103178; color: #ffffff; border-color: #103178;\" href=\"#\" target=\"_blank\" rel=\"noopener\">Voire la fiche technique<\/a><\/p>\n","protected":false},"featured_media":3614,"template":"","meta":[],"product_brand":[],"product_cat":[117],"product_tag":[],"class_list":{"0":"post-3561","1":"product","2":"type-product","3":"status-publish","4":"has-post-thumbnail","6":"product_cat-imagerie","8":"first","9":"instock","10":"virtual","11":"product-type-simple"},"_links":{"self":[{"href":"https:\/\/www.techservsn.com\/en\/wp-json\/wp\/v2\/product\/3561","targetHints":{"allow":["GET"]}}],"collection":[{"href":"https:\/\/www.techservsn.com\/en\/wp-json\/wp\/v2\/product"}],"about":[{"href":"https:\/\/www.techservsn.com\/en\/wp-json\/wp\/v2\/types\/product"}],"wp:featuredmedia":[{"embeddable":true,"href":"https:\/\/www.techservsn.com\/en\/wp-json\/wp\/v2\/media\/3614"}],"wp:attachment":[{"href":"https:\/\/www.techservsn.com\/en\/wp-json\/wp\/v2\/media?parent=3561"}],"wp:term":[{"taxonomy":"product_brand","embeddable":true,"href":"https:\/\/www.techservsn.com\/en\/wp-json\/wp\/v2\/product_brand?post=3561"},{"taxonomy":"product_cat","embeddable":true,"href":"https:\/\/www.techservsn.com\/en\/wp-json\/wp\/v2\/product_cat?post=3561"},{"taxonomy":"product_tag","embeddable":true,"href":"https:\/\/www.techservsn.com\/en\/wp-json\/wp\/v2\/product_tag?post=3561"}],"curies":[{"name":"wp","href":"https:\/\/api.w.org\/{rel}","templated":true}]}}