{"id":3531,"date":"2021-04-28T04:34:16","date_gmt":"2021-04-28T02:34:16","guid":{"rendered":"https:\/\/www.techservsn.com\/?post_type=product&#038;p=3531"},"modified":"2021-06-14T00:41:10","modified_gmt":"2021-06-13T22:41:10","slug":"sta-r-max","status":"publish","type":"product","link":"https:\/\/www.techservsn.com\/en\/produit\/sta-r-max\/","title":{"rendered":"STA R Max"},"content":{"rendered":"","protected":false},"excerpt":{"rendered":"<p>Le STA R MAX est l\u2019analyseur d\u2019h\u00e9mostase parfait pour les laboratoires \u00e0 fort volume et de r\u00e9f\u00e9rence effectuant des analyses de routine et de sp\u00e9cialit\u00e9. Le STA R Max r\u00e9pond aux besoins des laboratoires d\u2019aujourd\u2019hui pour faire plus avec moins et \u00e9quipe les laboratoires d\u2019un syst\u00e8me facile \u00e0 utiliser qui assure des r\u00e9sultats efficaces et fiables. Avec 215 postes d\u2019\u00e9chantillon et 70 postes de r\u00e9actif<br \/>\n, la plus grande capacit\u00e9 d\u2019\u00e9chantillonnage de l\u2019industrie et la v\u00e9ritable priorit\u00e9 de l\u2019\u00e9chantillon STAT, STA R Max permet m\u00eame aux laboratoires les plus en volume de g\u00e9rer facilement leur charge de travail avec un minimum d\u2019intervention de l\u2019op\u00e9rateur.<\/p>\n<p style=\"text-align: center;\"><a class=\"button\" style=\"background: #396CF0; color: #ffffff; border-color: #103178;\" href=\"https:\/\/www.techservsn.com\/wp-content\/uploads\/2021\/06\/CATALOGUE-STAGO.pdf\" target=\"_blank\" rel=\"noopener\">Voire la fiche technique<\/a><\/p>\n","protected":false},"featured_media":3604,"template":"","meta":[],"product_brand":[],"product_cat":[124],"product_tag":[],"class_list":{"0":"post-3531","1":"product","2":"type-product","3":"status-publish","4":"has-post-thumbnail","6":"product_cat-hematologie","8":"first","9":"instock","10":"virtual","11":"product-type-simple"},"_links":{"self":[{"href":"https:\/\/www.techservsn.com\/en\/wp-json\/wp\/v2\/product\/3531","targetHints":{"allow":["GET"]}}],"collection":[{"href":"https:\/\/www.techservsn.com\/en\/wp-json\/wp\/v2\/product"}],"about":[{"href":"https:\/\/www.techservsn.com\/en\/wp-json\/wp\/v2\/types\/product"}],"wp:featuredmedia":[{"embeddable":true,"href":"https:\/\/www.techservsn.com\/en\/wp-json\/wp\/v2\/media\/3604"}],"wp:attachment":[{"href":"https:\/\/www.techservsn.com\/en\/wp-json\/wp\/v2\/media?parent=3531"}],"wp:term":[{"taxonomy":"product_brand","embeddable":true,"href":"https:\/\/www.techservsn.com\/en\/wp-json\/wp\/v2\/product_brand?post=3531"},{"taxonomy":"product_cat","embeddable":true,"href":"https:\/\/www.techservsn.com\/en\/wp-json\/wp\/v2\/product_cat?post=3531"},{"taxonomy":"product_tag","embeddable":true,"href":"https:\/\/www.techservsn.com\/en\/wp-json\/wp\/v2\/product_tag?post=3531"}],"curies":[{"name":"wp","href":"https:\/\/api.w.org\/{rel}","templated":true}]}}