{"id":3530,"date":"2021-04-28T04:34:16","date_gmt":"2021-04-28T02:34:16","guid":{"rendered":"https:\/\/www.techservsn.com\/?post_type=product&#038;p=3530"},"modified":"2021-06-14T01:03:00","modified_gmt":"2021-06-13T23:03:00","slug":"analyseur-dalbumine-201-system","status":"publish","type":"product","link":"https:\/\/www.techservsn.com\/en\/produit\/analyseur-dalbumine-201-system\/","title":{"rendered":"Analyseur d\u2019Albumine 201 System"},"content":{"rendered":"","protected":false},"excerpt":{"rendered":"<p>Une m\u00e9thode simple pour une d\u00e9tection pr\u00e9coce et fiable<br \/>\nRapide, portatif et facile d\u2019utilisation, le syst\u00e8me HemoCue\u00ae Albumin 201 est id\u00e9al pour les soins du diab\u00e8te et le traitement de l\u2019hypertension, ainsi que comme marqueur de la pr\u00e9\u00e9clampsie pendant la grossesse<br \/>\nLe syst\u00e8me HemoCue\u00ae Albumin 201 est un moyen facile de rep\u00e9rer la microalbuminurie avec la pr\u00e9cision d&#8217;un laboratoire, longtemps avant l\u2019apparition de tout sympt\u00f4me des complications r\u00e9nales ou vasculaires. La technologie de microcuvette brevet\u00e9e d\u2019HemoCue permet d\u2019obtenir des r\u00e9sultats de tests quantitatifs au chevet du patient. Vous pouvez ainsi prendre imm\u00e9diatement des d\u00e9cisions th\u00e9rapeutiques et en informer le patient. La pr\u00e9cision commence avec nous.<\/p>\n","protected":false},"featured_media":3602,"template":"","meta":[],"product_brand":[],"product_cat":[116],"product_tag":[],"class_list":{"0":"post-3530","1":"product","2":"type-product","3":"status-publish","4":"has-post-thumbnail","6":"product_cat-biochimie","8":"first","9":"instock","10":"virtual","11":"product-type-simple"},"_links":{"self":[{"href":"https:\/\/www.techservsn.com\/en\/wp-json\/wp\/v2\/product\/3530","targetHints":{"allow":["GET"]}}],"collection":[{"href":"https:\/\/www.techservsn.com\/en\/wp-json\/wp\/v2\/product"}],"about":[{"href":"https:\/\/www.techservsn.com\/en\/wp-json\/wp\/v2\/types\/product"}],"wp:featuredmedia":[{"embeddable":true,"href":"https:\/\/www.techservsn.com\/en\/wp-json\/wp\/v2\/media\/3602"}],"wp:attachment":[{"href":"https:\/\/www.techservsn.com\/en\/wp-json\/wp\/v2\/media?parent=3530"}],"wp:term":[{"taxonomy":"product_brand","embeddable":true,"href":"https:\/\/www.techservsn.com\/en\/wp-json\/wp\/v2\/product_brand?post=3530"},{"taxonomy":"product_cat","embeddable":true,"href":"https:\/\/www.techservsn.com\/en\/wp-json\/wp\/v2\/product_cat?post=3530"},{"taxonomy":"product_tag","embeddable":true,"href":"https:\/\/www.techservsn.com\/en\/wp-json\/wp\/v2\/product_tag?post=3530"}],"curies":[{"name":"wp","href":"https:\/\/api.w.org\/{rel}","templated":true}]}}