{"id":3529,"date":"2021-04-28T04:34:16","date_gmt":"2021-04-28T02:34:16","guid":{"rendered":"https:\/\/www.techservsn.com\/?post_type=product&#038;p=3529"},"modified":"2021-06-14T00:58:52","modified_gmt":"2021-06-13T22:58:52","slug":"analyseur-dhemoglobine-hb-801","status":"publish","type":"product","link":"https:\/\/www.techservsn.com\/en\/produit\/analyseur-dhemoglobine-hb-801\/","title":{"rendered":"Analyseur d\u2019h\u00e9moglobine HB 801"},"content":{"rendered":"","protected":false},"excerpt":{"rendered":"<p>Optimis\u00e9 pour le test de l\u2019h\u00e9moglobine en cabinet m\u00e9dical et \u00e9tablissements de sant\u00e9 publique, HemoCue Hb 801 permet d\u2019obtenir rapidement et facilement des r\u00e9sultats aussi fiables qu\u2019en laboratoire sans compromettre leur pr\u00e9cision, m\u00eame dans les conditions climatiques les plus difficiles, avec des temp\u00e9ratures et des taux d\u2019humidit\u00e9 \u00e9lev\u00e9s.<br \/>\nPoints forts :<br \/>\nMaximisez le temps avec vos patients :<br \/>\n&#8211; Un r\u00e9sultat imm\u00e9diat en moins d\u2019une seconde<br \/>\n&#8211; Travaillez partout avec des options d\u2019alimentation flexibles<br \/>\n&#8211; Facile \u00e0 nettoyer : temps d\u2019indisponibilit\u00e9 r\u00e9duits<br \/>\nB\u00e9n\u00e9ficiez d\u2019une efficacit\u00e9 op\u00e9rationnelle jour apr\u00e8s jour<br \/>\n&#8211; D\u00e9finit les rappels de nettoyage et programme les contr\u00f4les qualit\u00e9<br \/>\n&#8211; Un grand \u00e9cran et des symboles vous permettent de surveiller rapidement les processus et les r\u00e9sultats<br \/>\n&#8211; \u00ab Let-Go-Grip \u00bb : Inutile de maintenir la microcuvette enfonc\u00e9e pendant la mesure<br \/>\nAppuyez-vous en toute confiance sur les r\u00e9sultats obtenus sur le lieu d\u2019intervention<br \/>\n&#8211; \u00c9talonn\u00e9 en usine avec la m\u00e9thode de r\u00e9f\u00e9rence ICSH recommand\u00e9e.<br \/>\nNe n\u00e9cessite aucun \u00e9talonnage ult\u00e9rieur<br \/>\n&#8211; Un design robuste et un syst\u00e8me de test pr\u00e9cis dans une large plage de temp\u00e9ratures et d\u2019humidit\u00e9<br \/>\n&#8211; Autotest int\u00e9gr\u00e9.<\/p>\n<p style=\"text-align: center;\"><a class=\"button\" style=\"background: #396cf0; color: #ffffff; border-color: #103178;\" href=\"https:\/\/www.techservsn.com\/wp-content\/uploads\/2021\/06\/ANALYSEUR-HB-HEMOCUE-Hb-801-Brochure-FR.pdf\" target=\"_blank\" rel=\"noopener\">Voire la fiche technique<\/a><\/p>\n","protected":false},"featured_media":3599,"template":"","meta":[],"product_brand":[],"product_cat":[116],"product_tag":[],"class_list":{"0":"post-3529","1":"product","2":"type-product","3":"status-publish","4":"has-post-thumbnail","6":"product_cat-biochimie","8":"first","9":"instock","10":"virtual","11":"product-type-simple"},"_links":{"self":[{"href":"https:\/\/www.techservsn.com\/en\/wp-json\/wp\/v2\/product\/3529","targetHints":{"allow":["GET"]}}],"collection":[{"href":"https:\/\/www.techservsn.com\/en\/wp-json\/wp\/v2\/product"}],"about":[{"href":"https:\/\/www.techservsn.com\/en\/wp-json\/wp\/v2\/types\/product"}],"wp:featuredmedia":[{"embeddable":true,"href":"https:\/\/www.techservsn.com\/en\/wp-json\/wp\/v2\/media\/3599"}],"wp:attachment":[{"href":"https:\/\/www.techservsn.com\/en\/wp-json\/wp\/v2\/media?parent=3529"}],"wp:term":[{"taxonomy":"product_brand","embeddable":true,"href":"https:\/\/www.techservsn.com\/en\/wp-json\/wp\/v2\/product_brand?post=3529"},{"taxonomy":"product_cat","embeddable":true,"href":"https:\/\/www.techservsn.com\/en\/wp-json\/wp\/v2\/product_cat?post=3529"},{"taxonomy":"product_tag","embeddable":true,"href":"https:\/\/www.techservsn.com\/en\/wp-json\/wp\/v2\/product_tag?post=3529"}],"curies":[{"name":"wp","href":"https:\/\/api.w.org\/{rel}","templated":true}]}}