{"id":3528,"date":"2021-04-28T04:34:16","date_gmt":"2021-04-28T02:34:16","guid":{"rendered":"https:\/\/www.techservsn.com\/?post_type=product&#038;p=3528"},"modified":"2021-06-15T01:44:01","modified_gmt":"2021-06-14T23:44:01","slug":"glyque-hba1c-501-system","status":"publish","type":"product","link":"https:\/\/www.techservsn.com\/en\/produit\/glyque-hba1c-501-system\/","title":{"rendered":"Analyseur d&#8217;h\u00e9moglobine Glyqu\u00e9 HbA1C 501 System"},"content":{"rendered":"","protected":false},"excerpt":{"rendered":"<p>Testez l\u2019HbA1c avec notre syst\u00e8me rapide, simple et fiable de tests sur le lieu d&#8217;intervention<br \/>\nHemoCue\u00ae HbA1c 501 System est un syst\u00e8me rapide, simple et fiable con\u00e7u pour tester l\u2019h\u00e9moglobine A1c sur le lieu d&#8217;intervention. Il s\u2019agit d\u2019un test HbA1c sur le lieu d\u2019intervention enti\u00e8rement automatis\u00e9 fournissant instantan\u00e9ment des r\u00e9sultats fiables pour une prise en charge efficace du diab\u00e8te.<\/p>\n<p style=\"text-align: center;\"><a class=\"button\" style=\"background: #396cf0; color: #ffffff; border-color: #396cf0;\" href=\"https:\/\/www.techservsn.com\/wp-content\/uploads\/2021\/06\/HbA1c-501-HEMOC.pdf\" target=\"_blank\" rel=\"noopener\">Voire la fiche technique<\/a><\/p>\n","protected":false},"featured_media":3596,"template":"","meta":[],"product_brand":[],"product_cat":[116],"product_tag":[],"class_list":{"0":"post-3528","1":"product","2":"type-product","3":"status-publish","4":"has-post-thumbnail","6":"product_cat-biochimie","8":"first","9":"instock","10":"virtual","11":"product-type-simple"},"_links":{"self":[{"href":"https:\/\/www.techservsn.com\/en\/wp-json\/wp\/v2\/product\/3528","targetHints":{"allow":["GET"]}}],"collection":[{"href":"https:\/\/www.techservsn.com\/en\/wp-json\/wp\/v2\/product"}],"about":[{"href":"https:\/\/www.techservsn.com\/en\/wp-json\/wp\/v2\/types\/product"}],"wp:featuredmedia":[{"embeddable":true,"href":"https:\/\/www.techservsn.com\/en\/wp-json\/wp\/v2\/media\/3596"}],"wp:attachment":[{"href":"https:\/\/www.techservsn.com\/en\/wp-json\/wp\/v2\/media?parent=3528"}],"wp:term":[{"taxonomy":"product_brand","embeddable":true,"href":"https:\/\/www.techservsn.com\/en\/wp-json\/wp\/v2\/product_brand?post=3528"},{"taxonomy":"product_cat","embeddable":true,"href":"https:\/\/www.techservsn.com\/en\/wp-json\/wp\/v2\/product_cat?post=3528"},{"taxonomy":"product_tag","embeddable":true,"href":"https:\/\/www.techservsn.com\/en\/wp-json\/wp\/v2\/product_tag?post=3528"}],"curies":[{"name":"wp","href":"https:\/\/api.w.org\/{rel}","templated":true}]}}