{"id":3527,"date":"2021-04-28T04:34:16","date_gmt":"2021-04-28T02:34:16","guid":{"rendered":"https:\/\/www.techservsn.com\/?post_type=product&#038;p=3527"},"modified":"2021-06-14T01:01:19","modified_gmt":"2021-06-13T23:01:19","slug":"hb-301-system","status":"publish","type":"product","link":"https:\/\/www.techservsn.com\/en\/produit\/hb-301-system\/","title":{"rendered":"Analyseur d&#8217;h\u00e9moglobine HB 301 System"},"content":{"rendered":"","protected":false},"excerpt":{"rendered":"<p>Optimis\u00e9 pour le d\u00e9pistage de l\u2019an\u00e9mie dans les \u00e9tablissements de soins primaires et de don du sang, le syst\u00e8me HemoCue Hb 301 est une solution simple et pratique. Le syst\u00e8me HemoCue\u00ae Hb 301 permet d\u2019obtenir rapidement et facilement des r\u00e9sultats de qualit\u00e9 laboratoire sans compromettre l\u2019exactitude, m\u00eame sous des climats exigeants avec des valeurs \u00e9lev\u00e9es de la temp\u00e9rature et de l\u2019humidit\u00e9. Avec un soutien et des services d\u00e9di\u00e9s, ainsi qu\u2019une formation et une \u00e9ducation sans pareilles, reposant sur plus de 30 ans d\u2019exp\u00e9rience, vous pouvez compter sur HemoCue pour avoir les bonnes solutions \u00e0 tous vos besoins.<\/p>\n<p style=\"text-align: center;\"><a class=\"button\" style=\"background: #396cf0; color: #FFFFFF; border-color: #103178;\" href=\"https:\/\/www.techservsn.com\/wp-content\/uploads\/2021\/06\/HemoCue-Hb301.pdf\" target=\"_blank\" rel=\"noopener\">Voire la fiche technique<\/a><\/p>\n","protected":false},"featured_media":3594,"template":"","meta":[],"product_brand":[],"product_cat":[116],"product_tag":[],"class_list":{"0":"post-3527","1":"product","2":"type-product","3":"status-publish","4":"has-post-thumbnail","6":"product_cat-biochimie","8":"first","9":"instock","10":"virtual","11":"product-type-simple"},"_links":{"self":[{"href":"https:\/\/www.techservsn.com\/en\/wp-json\/wp\/v2\/product\/3527","targetHints":{"allow":["GET"]}}],"collection":[{"href":"https:\/\/www.techservsn.com\/en\/wp-json\/wp\/v2\/product"}],"about":[{"href":"https:\/\/www.techservsn.com\/en\/wp-json\/wp\/v2\/types\/product"}],"wp:featuredmedia":[{"embeddable":true,"href":"https:\/\/www.techservsn.com\/en\/wp-json\/wp\/v2\/media\/3594"}],"wp:attachment":[{"href":"https:\/\/www.techservsn.com\/en\/wp-json\/wp\/v2\/media?parent=3527"}],"wp:term":[{"taxonomy":"product_brand","embeddable":true,"href":"https:\/\/www.techservsn.com\/en\/wp-json\/wp\/v2\/product_brand?post=3527"},{"taxonomy":"product_cat","embeddable":true,"href":"https:\/\/www.techservsn.com\/en\/wp-json\/wp\/v2\/product_cat?post=3527"},{"taxonomy":"product_tag","embeddable":true,"href":"https:\/\/www.techservsn.com\/en\/wp-json\/wp\/v2\/product_tag?post=3527"}],"curies":[{"name":"wp","href":"https:\/\/api.w.org\/{rel}","templated":true}]}}