{"id":3526,"date":"2021-04-28T04:34:16","date_gmt":"2021-04-28T02:34:16","guid":{"rendered":"https:\/\/www.techservsn.com\/?post_type=product&#038;p=3526"},"modified":"2021-06-16T12:17:58","modified_gmt":"2021-06-16T10:17:58","slug":"analyseur-dhemoglobine-hb201","status":"publish","type":"product","link":"https:\/\/www.techservsn.com\/en\/produit\/analyseur-dhemoglobine-hb201\/","title":{"rendered":"Analyseur d\u2019h\u00e9moglobine HB201+"},"content":{"rendered":"","protected":false},"excerpt":{"rendered":"<p>Lecteur d&#8217;h\u00e9moglobine<br \/>\nLe syst\u00e8me Hemocue Hb201+ permet la d\u00e9termination quantitative de l&#8217;h\u00e9moglobine dans le sang total (capillaire, art\u00e9riel et veineux). Il r\u00e9unit un analyseur sp\u00e9cifique et les microcuvettes contenant des r\u00e9actifs sous forme s\u00e8che. La microcuvette sert \u00e0 la fois de pipette, de tube de r\u00e9action et de cellule de mesure. Aucune dilution n&#8217;est requise.<\/p>\n<p style=\"text-align: center;\"><a class=\"button\" style=\"background: #006ec2; color: #ffffff; border-color: #103178;\" href=\"https:\/\/www.techservsn.com\/wp-content\/uploads\/2021\/06\/HemoCue-Hb201.pdf\" target=\"_blank\" rel=\"noopener\">Voire la fiche technique<\/a><\/p>\n","protected":false},"featured_media":3592,"template":"","meta":[],"product_brand":[],"product_cat":[116],"product_tag":[],"class_list":{"0":"post-3526","1":"product","2":"type-product","3":"status-publish","4":"has-post-thumbnail","6":"product_cat-biochimie","8":"first","9":"instock","10":"virtual","11":"product-type-simple"},"_links":{"self":[{"href":"https:\/\/www.techservsn.com\/en\/wp-json\/wp\/v2\/product\/3526","targetHints":{"allow":["GET"]}}],"collection":[{"href":"https:\/\/www.techservsn.com\/en\/wp-json\/wp\/v2\/product"}],"about":[{"href":"https:\/\/www.techservsn.com\/en\/wp-json\/wp\/v2\/types\/product"}],"wp:featuredmedia":[{"embeddable":true,"href":"https:\/\/www.techservsn.com\/en\/wp-json\/wp\/v2\/media\/3592"}],"wp:attachment":[{"href":"https:\/\/www.techservsn.com\/en\/wp-json\/wp\/v2\/media?parent=3526"}],"wp:term":[{"taxonomy":"product_brand","embeddable":true,"href":"https:\/\/www.techservsn.com\/en\/wp-json\/wp\/v2\/product_brand?post=3526"},{"taxonomy":"product_cat","embeddable":true,"href":"https:\/\/www.techservsn.com\/en\/wp-json\/wp\/v2\/product_cat?post=3526"},{"taxonomy":"product_tag","embeddable":true,"href":"https:\/\/www.techservsn.com\/en\/wp-json\/wp\/v2\/product_tag?post=3526"}],"curies":[{"name":"wp","href":"https:\/\/api.w.org\/{rel}","templated":true}]}}