{"id":3525,"date":"2021-04-28T04:34:16","date_gmt":"2021-04-28T02:34:16","guid":{"rendered":"https:\/\/www.techservsn.com\/?post_type=product&#038;p=3525"},"modified":"2021-06-23T18:07:31","modified_gmt":"2021-06-23T16:07:31","slug":"lecteur-de-glucose-201-rt","status":"publish","type":"product","link":"https:\/\/www.techservsn.com\/en\/produit\/lecteur-de-glucose-201-rt\/","title":{"rendered":"Lecteur de Glucose 201 RT"},"content":{"rendered":"","protected":false},"excerpt":{"rendered":"<p>Gr\u00e2ce \u00e0 la technologie unique de sa cuvette, le syst\u00e8me HemoCue\u00ae Glucose 201 DM RT vous apporte la plus grande exactitude au chevet du patient, tout en r\u00e9duisant le risque de diffusion de l\u2019infection. De plus, vous disposez de contr\u00f4les et de moyens de productivit\u00e9 suppl\u00e9mentaires rendus possibles par le traitement avanc\u00e9 des donn\u00e9es. Gr\u00e2ce \u00e0 la connexion imm\u00e9diate aux donn\u00e9es, aux invites personnalisables, etc., vous exercez un contr\u00f4le plus \u00e9troit de l\u2019utilisation autoris\u00e9e et vous \u00eates plus efficace dans tous les domaines, de la gestion du patient \u00e0 la facturation.<\/p>\n","protected":false},"featured_media":3589,"template":"","meta":[],"product_brand":[],"product_cat":[116],"product_tag":[],"class_list":{"0":"post-3525","1":"product","2":"type-product","3":"status-publish","4":"has-post-thumbnail","6":"product_cat-biochimie","8":"first","9":"instock","10":"virtual","11":"product-type-simple"},"_links":{"self":[{"href":"https:\/\/www.techservsn.com\/en\/wp-json\/wp\/v2\/product\/3525","targetHints":{"allow":["GET"]}}],"collection":[{"href":"https:\/\/www.techservsn.com\/en\/wp-json\/wp\/v2\/product"}],"about":[{"href":"https:\/\/www.techservsn.com\/en\/wp-json\/wp\/v2\/types\/product"}],"wp:featuredmedia":[{"embeddable":true,"href":"https:\/\/www.techservsn.com\/en\/wp-json\/wp\/v2\/media\/3589"}],"wp:attachment":[{"href":"https:\/\/www.techservsn.com\/en\/wp-json\/wp\/v2\/media?parent=3525"}],"wp:term":[{"taxonomy":"product_brand","embeddable":true,"href":"https:\/\/www.techservsn.com\/en\/wp-json\/wp\/v2\/product_brand?post=3525"},{"taxonomy":"product_cat","embeddable":true,"href":"https:\/\/www.techservsn.com\/en\/wp-json\/wp\/v2\/product_cat?post=3525"},{"taxonomy":"product_tag","embeddable":true,"href":"https:\/\/www.techservsn.com\/en\/wp-json\/wp\/v2\/product_tag?post=3525"}],"curies":[{"name":"wp","href":"https:\/\/api.w.org\/{rel}","templated":true}]}}