{"id":3499,"date":"2021-04-28T04:33:54","date_gmt":"2021-04-28T02:33:54","guid":{"rendered":"https:\/\/www.techservsn.com\/?post_type=product&#038;p=3499"},"modified":"2021-06-15T02:54:45","modified_gmt":"2021-06-15T00:54:45","slug":"automate-asp300","status":"publish","type":"product","link":"https:\/\/www.techservsn.com\/en\/produit\/automate-asp300\/","title":{"rendered":"Automate ASP300"},"content":{"rendered":"","protected":false},"excerpt":{"rendered":"<p>L&#8217;ASP300 S a \u00e9t\u00e9 imagin\u00e9 pour le traitement programmable d&#8217;\u00e9chantillons histologiques. Cet instrument est \u00e9quip\u00e9 de trois options: pression\/sous vide\/conditions ambiantes. Il propose 10 stations de r\u00e9actifs, trois bains de paraffine, trois stations de nettoyage plus une connexion en option pour une station de nettoyage externe. Les temp\u00e9ratures sont programmables \u00e0 chacune des \u00e9tapes du processus. La chambre de traitement de 4,3 litres est en acier inoxydable poli \u00e9lectrolytiquement. Elle accueille jusqu&#8217;\u00e0 300 cassettes standards avec paniers m\u00e9talliques ou 252 cassettes standards en cas d&#8217;utilisation de paniers r\u00e9sistants aux micro-ondes. Le remplissage et la vidange \u00e0 distance des flacons \u00e0 partir de gros r\u00e9cipients et d&#8217;un tuyau branch\u00e9 dans le module du syst\u00e8me de traitement s\u00e9curisent l&#8217;utilisateur et minimisent la contamination crois\u00e9e des r\u00e9actifs.<\/p>\n<p style=\"text-align: center;\"><a class=\"button\" style=\"background: #396cf0; color: #ffffff; border-color: #103178;\" href=\"https:\/\/www.techservsn.com\/wp-content\/uploads\/2021\/06\/Brochure_ASP300_S_FR.pdf\" target=\"_blank\" rel=\"noopener\">Voire la fiche technique<\/a><\/p>\n","protected":false},"featured_media":3585,"template":"","meta":[],"product_brand":[],"product_cat":[126],"product_tag":[],"class_list":{"0":"post-3499","1":"product","2":"type-product","3":"status-publish","4":"has-post-thumbnail","6":"product_cat-anatomie-pathologique","8":"first","9":"instock","10":"shipping-taxable","11":"product-type-simple"},"_links":{"self":[{"href":"https:\/\/www.techservsn.com\/en\/wp-json\/wp\/v2\/product\/3499","targetHints":{"allow":["GET"]}}],"collection":[{"href":"https:\/\/www.techservsn.com\/en\/wp-json\/wp\/v2\/product"}],"about":[{"href":"https:\/\/www.techservsn.com\/en\/wp-json\/wp\/v2\/types\/product"}],"wp:featuredmedia":[{"embeddable":true,"href":"https:\/\/www.techservsn.com\/en\/wp-json\/wp\/v2\/media\/3585"}],"wp:attachment":[{"href":"https:\/\/www.techservsn.com\/en\/wp-json\/wp\/v2\/media?parent=3499"}],"wp:term":[{"taxonomy":"product_brand","embeddable":true,"href":"https:\/\/www.techservsn.com\/en\/wp-json\/wp\/v2\/product_brand?post=3499"},{"taxonomy":"product_cat","embeddable":true,"href":"https:\/\/www.techservsn.com\/en\/wp-json\/wp\/v2\/product_cat?post=3499"},{"taxonomy":"product_tag","embeddable":true,"href":"https:\/\/www.techservsn.com\/en\/wp-json\/wp\/v2\/product_tag?post=3499"}],"curies":[{"name":"wp","href":"https:\/\/api.w.org\/{rel}","templated":true}]}}