{"id":3498,"date":"2021-04-28T04:33:54","date_gmt":"2021-04-28T02:33:54","guid":{"rendered":"https:\/\/www.techservsn.com\/?post_type=product&#038;p=3498"},"modified":"2021-05-19T01:52:47","modified_gmt":"2021-05-18T23:52:47","slug":"pacemaker","status":"publish","type":"product","link":"https:\/\/www.techservsn.com\/en\/produit\/pacemaker\/","title":{"rendered":"PACEMAKER"},"content":{"rendered":"","protected":false},"excerpt":{"rendered":"<p>Les appareils d&#8217;IRM Medtronic SureScan \u2122 sont con\u00e7us pour \u00eatre scann\u00e9s et permettent \u00e0 davantage de patients d&#8217;acc\u00e9der \u00e0 de meilleurs diagnostics de la maladie. Assurez-vous que vos patients obtiennent des scanners IRM 1,5T et 3T avec des conditions de num\u00e9risation simples, dans n&#8217;importe quelle combinaison d&#8217;appareils et de sondes compatibles IRM Medtronic, lorsque les conditions sont remplies.<\/p>\n<p style=\"text-align: center;\"><a class=\"button\" style=\"background: #103178; color: #ffffff; border-color: #103178;\" href=\"#\" target=\"_blank\" rel=\"noopener\">Voire la fiche technique<\/a><\/p>\n","protected":false},"featured_media":3583,"template":"","meta":[],"product_brand":[],"product_cat":[127],"product_tag":[],"class_list":{"0":"post-3498","1":"product","2":"type-product","3":"status-publish","4":"has-post-thumbnail","6":"product_cat-chirurgie-et-specialites","8":"first","9":"instock","10":"virtual","11":"product-type-simple"},"_links":{"self":[{"href":"https:\/\/www.techservsn.com\/en\/wp-json\/wp\/v2\/product\/3498","targetHints":{"allow":["GET"]}}],"collection":[{"href":"https:\/\/www.techservsn.com\/en\/wp-json\/wp\/v2\/product"}],"about":[{"href":"https:\/\/www.techservsn.com\/en\/wp-json\/wp\/v2\/types\/product"}],"wp:featuredmedia":[{"embeddable":true,"href":"https:\/\/www.techservsn.com\/en\/wp-json\/wp\/v2\/media\/3583"}],"wp:attachment":[{"href":"https:\/\/www.techservsn.com\/en\/wp-json\/wp\/v2\/media?parent=3498"}],"wp:term":[{"taxonomy":"product_brand","embeddable":true,"href":"https:\/\/www.techservsn.com\/en\/wp-json\/wp\/v2\/product_brand?post=3498"},{"taxonomy":"product_cat","embeddable":true,"href":"https:\/\/www.techservsn.com\/en\/wp-json\/wp\/v2\/product_cat?post=3498"},{"taxonomy":"product_tag","embeddable":true,"href":"https:\/\/www.techservsn.com\/en\/wp-json\/wp\/v2\/product_tag?post=3498"}],"curies":[{"name":"wp","href":"https:\/\/api.w.org\/{rel}","templated":true}]}}