{"id":3497,"date":"2021-04-28T04:33:54","date_gmt":"2021-04-28T02:33:54","guid":{"rendered":"https:\/\/www.techservsn.com\/?post_type=product&#038;p=3497"},"modified":"2021-05-19T01:54:12","modified_gmt":"2021-05-18T23:54:12","slug":"generateur-de-bistouri-ft10","status":"publish","type":"product","link":"https:\/\/www.techservsn.com\/en\/produit\/generateur-de-bistouri-ft10\/","title":{"rendered":"G\u00e9n\u00e9rateur de Bistouri FT10"},"content":{"rendered":"","protected":false},"excerpt":{"rendered":"<p>Le portefeuille de produits d\u2019\u00e9nergie Valleylab\u2122 est synonyme de confiance<br \/>\nDans la lign\u00e9e de notre historique d\u2019innovations, la plateforme d\u2019\u00e9nergie Valleylab\u2122 FT10 repr\u00e9sente la nouvelle g\u00e9n\u00e9ration d\u2019\u00e9nergie couvrant toutes les sp\u00e9cialit\u00e9s qui utilisent des dispositifs d\u2019\u00e9lectrochirurgie, notamment en gyn\u00e9cologie, en chirurgie colorectale, en chirurgie bariatrique, en chirurgie g\u00e9n\u00e9rale, en urologie et en ORL.<\/p>\n<p style=\"text-align: center;\"><a class=\"button\" style=\"background: #103178; color: #ffffff; border-color: #103178;\" href=\"#\" target=\"_blank\" rel=\"noopener\">Voire la fiche technique<\/a><\/p>\n","protected":false},"featured_media":3581,"template":"","meta":[],"product_brand":[],"product_cat":[127],"product_tag":[],"class_list":{"0":"post-3497","1":"product","2":"type-product","3":"status-publish","4":"has-post-thumbnail","6":"product_cat-chirurgie-et-specialites","8":"first","9":"instock","10":"virtual","11":"product-type-simple"},"_links":{"self":[{"href":"https:\/\/www.techservsn.com\/en\/wp-json\/wp\/v2\/product\/3497","targetHints":{"allow":["GET"]}}],"collection":[{"href":"https:\/\/www.techservsn.com\/en\/wp-json\/wp\/v2\/product"}],"about":[{"href":"https:\/\/www.techservsn.com\/en\/wp-json\/wp\/v2\/types\/product"}],"wp:featuredmedia":[{"embeddable":true,"href":"https:\/\/www.techservsn.com\/en\/wp-json\/wp\/v2\/media\/3581"}],"wp:attachment":[{"href":"https:\/\/www.techservsn.com\/en\/wp-json\/wp\/v2\/media?parent=3497"}],"wp:term":[{"taxonomy":"product_brand","embeddable":true,"href":"https:\/\/www.techservsn.com\/en\/wp-json\/wp\/v2\/product_brand?post=3497"},{"taxonomy":"product_cat","embeddable":true,"href":"https:\/\/www.techservsn.com\/en\/wp-json\/wp\/v2\/product_cat?post=3497"},{"taxonomy":"product_tag","embeddable":true,"href":"https:\/\/www.techservsn.com\/en\/wp-json\/wp\/v2\/product_tag?post=3497"}],"curies":[{"name":"wp","href":"https:\/\/api.w.org\/{rel}","templated":true}]}}