{"id":3496,"date":"2021-04-28T04:33:54","date_gmt":"2021-04-28T02:33:54","guid":{"rendered":"https:\/\/www.techservsn.com\/?post_type=product&#038;p=3496"},"modified":"2021-05-19T01:53:26","modified_gmt":"2021-05-18T23:53:26","slug":"systeme-craniotomie","status":"publish","type":"product","link":"https:\/\/www.techservsn.com\/en\/produit\/systeme-craniotomie\/","title":{"rendered":"Syst\u00e8me Craniotomie"},"content":{"rendered":"","protected":false},"excerpt":{"rendered":"<p>Nos syst\u00e8mes de craniotomie offrent puissance et performances pour les interventions chirurgicales de la colonne vert\u00e9brale, du cr\u00e2ne, de l&#8217;ORL, de l&#8217;orthop\u00e9die et autres.<\/p>\n<p style=\"text-align: center;\"><a class=\"button\" style=\"background: #103178; color: #ffffff; border-color: #103178;\" href=\"#\" target=\"_blank\" rel=\"noopener\">Voire la fiche technique<\/a><\/p>\n","protected":false},"featured_media":3579,"template":"","meta":[],"product_brand":[],"product_cat":[127],"product_tag":[],"class_list":{"0":"post-3496","1":"product","2":"type-product","3":"status-publish","4":"has-post-thumbnail","6":"product_cat-chirurgie-et-specialites","8":"first","9":"instock","10":"virtual","11":"product-type-simple"},"_links":{"self":[{"href":"https:\/\/www.techservsn.com\/en\/wp-json\/wp\/v2\/product\/3496","targetHints":{"allow":["GET"]}}],"collection":[{"href":"https:\/\/www.techservsn.com\/en\/wp-json\/wp\/v2\/product"}],"about":[{"href":"https:\/\/www.techservsn.com\/en\/wp-json\/wp\/v2\/types\/product"}],"wp:featuredmedia":[{"embeddable":true,"href":"https:\/\/www.techservsn.com\/en\/wp-json\/wp\/v2\/media\/3579"}],"wp:attachment":[{"href":"https:\/\/www.techservsn.com\/en\/wp-json\/wp\/v2\/media?parent=3496"}],"wp:term":[{"taxonomy":"product_brand","embeddable":true,"href":"https:\/\/www.techservsn.com\/en\/wp-json\/wp\/v2\/product_brand?post=3496"},{"taxonomy":"product_cat","embeddable":true,"href":"https:\/\/www.techservsn.com\/en\/wp-json\/wp\/v2\/product_cat?post=3496"},{"taxonomy":"product_tag","embeddable":true,"href":"https:\/\/www.techservsn.com\/en\/wp-json\/wp\/v2\/product_tag?post=3496"}],"curies":[{"name":"wp","href":"https:\/\/api.w.org\/{rel}","templated":true}]}}