{"id":3495,"date":"2021-04-28T04:33:54","date_gmt":"2021-04-28T02:33:54","guid":{"rendered":"https:\/\/www.techservsn.com\/?post_type=product&#038;p=3495"},"modified":"2021-05-21T14:56:00","modified_gmt":"2021-05-21T12:56:00","slug":"mac-2000","status":"publish","type":"product","link":"https:\/\/www.techservsn.com\/en\/produit\/mac-2000\/","title":{"rendered":"MAC 2000"},"content":{"rendered":"<p>Le syst\u00e8me MAC\u2122 2000 de GE Healthcare aide les m\u00e9decins \u00e0 poser des diagnostics rapides et pr\u00e9cis, gr\u00e2ce \u00e0 la puissance du programme d\u2019analyse Marquette\u2122 12SL. Vous b\u00e9n\u00e9ficiez de l&#8217;aide au diagnostic \u00e9prouv\u00e9e\u2020 dont vous avez besoin dans un syst\u00e8me ECG intuitif et simple d&#8217;utilisation.<\/p>\n<p style=\"text-align: center;\"><a class=\"button\" style=\"background: #103178; color: #ffffff; border-color: #103178;\" href=\"#\" target=\"_blank\" rel=\"noopener\">Voire la fiche technique<\/a><\/p>\n","protected":false},"excerpt":{"rendered":"<p>Le syst\u00e8me MAC\u2122 2000 de GE Healthcare aide les m\u00e9decins \u00e0 poser des diagnostics rapides et pr\u00e9cis, gr\u00e2ce \u00e0 la puissance du programme d\u2019analyse Marquette\u2122 12SL. Vous b\u00e9n\u00e9ficiez de l&#8217;aide au diagnostic \u00e9prouv\u00e9e\u2020 dont vous avez besoin dans un syst\u00e8me ECG intuitif et simple d&#8217;utilisation. Voire la fiche technique<\/p>\n","protected":false},"featured_media":3577,"template":"","meta":[],"product_brand":[],"product_cat":[129],"product_tag":[],"class_list":{"0":"post-3495","1":"product","2":"type-product","3":"status-publish","4":"has-post-thumbnail","6":"product_cat-cardio-vasculaire","8":"first","9":"instock","10":"virtual","11":"product-type-simple"},"_links":{"self":[{"href":"https:\/\/www.techservsn.com\/en\/wp-json\/wp\/v2\/product\/3495","targetHints":{"allow":["GET"]}}],"collection":[{"href":"https:\/\/www.techservsn.com\/en\/wp-json\/wp\/v2\/product"}],"about":[{"href":"https:\/\/www.techservsn.com\/en\/wp-json\/wp\/v2\/types\/product"}],"wp:featuredmedia":[{"embeddable":true,"href":"https:\/\/www.techservsn.com\/en\/wp-json\/wp\/v2\/media\/3577"}],"wp:attachment":[{"href":"https:\/\/www.techservsn.com\/en\/wp-json\/wp\/v2\/media?parent=3495"}],"wp:term":[{"taxonomy":"product_brand","embeddable":true,"href":"https:\/\/www.techservsn.com\/en\/wp-json\/wp\/v2\/product_brand?post=3495"},{"taxonomy":"product_cat","embeddable":true,"href":"https:\/\/www.techservsn.com\/en\/wp-json\/wp\/v2\/product_cat?post=3495"},{"taxonomy":"product_tag","embeddable":true,"href":"https:\/\/www.techservsn.com\/en\/wp-json\/wp\/v2\/product_tag?post=3495"}],"curies":[{"name":"wp","href":"https:\/\/api.w.org\/{rel}","templated":true}]}}