{"id":3471,"date":"2021-04-28T04:33:33","date_gmt":"2021-04-28T02:33:33","guid":{"rendered":"https:\/\/www.techservsn.com\/?post_type=product&#038;p=3471"},"modified":"2021-05-18T23:30:58","modified_gmt":"2021-05-18T21:30:58","slug":"systeme-gc-8860","status":"publish","type":"product","link":"https:\/\/www.techservsn.com\/en\/produit\/systeme-gc-8860\/","title":{"rendered":"Chromatographe CPG 8860"},"content":{"rendered":"<p>Intelligence et fiabilit\u00e9: de nouvelles perspectives pour<br \/>\nLes analyses de routine par GC<br \/>\nConstruits avec des technologies de pointe, les nouveaux chromatographes en phase gazeuse d\u2019Agilent simplifient les proc\u00e9dures de travail en chromatographie, permettant ainsi de r\u00e9duire les co\u00fbts op\u00e9rationnels et de maintenance souvent rencontr\u00e9s avec les syst\u00e8mes de GC conventionnels.<br \/>\nIls vous offrent la libert\u00e9 de travailler comme vous le souhaitez tout en obtenant des donn\u00e9es de qualit\u00e9, \u00e0 chaque fois.<\/p>\n<p style=\"text-align: center;\"><a class=\"button\" style=\"background: #103178; color: #ffffff; border-color: #103178;\" href=\"#\" target=\"_blank\" rel=\"noopener\">Voire la fiche technique<\/a><\/p>\n","protected":false},"excerpt":{"rendered":"<p>Intelligence et fiabilit\u00e9: de nouvelles perspectives pour Les analyses de routine par GC Construits avec des technologies de pointe, les nouveaux chromatographes en phase gazeuse d\u2019Agilent simplifient les proc\u00e9dures de travail en chromatographie, permettant ainsi de r\u00e9duire les co\u00fbts op\u00e9rationnels et de maintenance souvent rencontr\u00e9s avec les syst\u00e8mes de GC conventionnels. Ils vous offrent la&#8230;<\/p>\n","protected":false},"featured_media":3569,"template":"","meta":[],"product_brand":[],"product_cat":[141],"product_tag":[],"class_list":{"0":"post-3471","1":"product","2":"type-product","3":"status-publish","4":"has-post-thumbnail","6":"product_cat-chromatographie-gaz","8":"first","9":"instock","10":"virtual","11":"product-type-simple"},"_links":{"self":[{"href":"https:\/\/www.techservsn.com\/en\/wp-json\/wp\/v2\/product\/3471","targetHints":{"allow":["GET"]}}],"collection":[{"href":"https:\/\/www.techservsn.com\/en\/wp-json\/wp\/v2\/product"}],"about":[{"href":"https:\/\/www.techservsn.com\/en\/wp-json\/wp\/v2\/types\/product"}],"wp:featuredmedia":[{"embeddable":true,"href":"https:\/\/www.techservsn.com\/en\/wp-json\/wp\/v2\/media\/3569"}],"wp:attachment":[{"href":"https:\/\/www.techservsn.com\/en\/wp-json\/wp\/v2\/media?parent=3471"}],"wp:term":[{"taxonomy":"product_brand","embeddable":true,"href":"https:\/\/www.techservsn.com\/en\/wp-json\/wp\/v2\/product_brand?post=3471"},{"taxonomy":"product_cat","embeddable":true,"href":"https:\/\/www.techservsn.com\/en\/wp-json\/wp\/v2\/product_cat?post=3471"},{"taxonomy":"product_tag","embeddable":true,"href":"https:\/\/www.techservsn.com\/en\/wp-json\/wp\/v2\/product_tag?post=3471"}],"curies":[{"name":"wp","href":"https:\/\/api.w.org\/{rel}","templated":true}]}}