{"id":3463,"date":"2021-04-28T04:33:32","date_gmt":"2021-04-28T02:33:32","guid":{"rendered":"https:\/\/www.techservsn.com\/?post_type=product&#038;p=3463"},"modified":"2021-06-15T03:06:50","modified_gmt":"2021-06-15T01:06:50","slug":"cary-3500-uv-vis","status":"publish","type":"product","link":"https:\/\/www.techservsn.com\/en\/produit\/cary-3500-uv-vis\/","title":{"rendered":"Spectrophotom\u00e8tre UV Cary 3500"},"content":{"rendered":"","protected":false},"excerpt":{"rendered":"<p>Transformez votre laboratoire<br \/>\nR\u00e9aliser plusieurs exp\u00e9riences en parall\u00e8le.<br \/>\nEffectuer des \u00e9talonnages et des mesures d\u2019\u00e9chantillons simultan\u00e9ment.<br \/>\nEffectuer une analyse thermique avec des vitesses de mont\u00e9e en temp\u00e9rature rapides.<br \/>\nTout cela est possible avec le nouveau spectrophotom\u00e8tre UV-Vis Agilent Cary 3500.<br \/>\nB\u00e9n\u00e9ficiant d\u2019une conception enti\u00e8rement repens\u00e9e, ce syst\u00e8me innovant optimisera votre protocole exp\u00e9rimental et augmentera la fiabilit\u00e9 de vos r\u00e9sultats.<\/p>\n<p style=\"text-align: center;\"><a class=\"button\" style=\"background: #396cf0; color: #ffffff; border-color: #103178;\" href=\"https:\/\/www.techservsn.com\/wp-content\/uploads\/2021\/06\/5994-0335FR_Cary_3500_Spectrophotometer_Brochure.pdf\" target=\"_blank\" rel=\"noopener\">Voire la fiche technique<\/a><\/p>\n","protected":false},"featured_media":3544,"template":"","meta":[],"product_brand":[],"product_cat":[138],"product_tag":[],"class_list":{"0":"post-3463","1":"product","2":"type-product","3":"status-publish","4":"has-post-thumbnail","6":"product_cat-spectroscopie-moleculaire","8":"first","9":"instock","10":"virtual","11":"product-type-simple"},"_links":{"self":[{"href":"https:\/\/www.techservsn.com\/en\/wp-json\/wp\/v2\/product\/3463","targetHints":{"allow":["GET"]}}],"collection":[{"href":"https:\/\/www.techservsn.com\/en\/wp-json\/wp\/v2\/product"}],"about":[{"href":"https:\/\/www.techservsn.com\/en\/wp-json\/wp\/v2\/types\/product"}],"wp:featuredmedia":[{"embeddable":true,"href":"https:\/\/www.techservsn.com\/en\/wp-json\/wp\/v2\/media\/3544"}],"wp:attachment":[{"href":"https:\/\/www.techservsn.com\/en\/wp-json\/wp\/v2\/media?parent=3463"}],"wp:term":[{"taxonomy":"product_brand","embeddable":true,"href":"https:\/\/www.techservsn.com\/en\/wp-json\/wp\/v2\/product_brand?post=3463"},{"taxonomy":"product_cat","embeddable":true,"href":"https:\/\/www.techservsn.com\/en\/wp-json\/wp\/v2\/product_cat?post=3463"},{"taxonomy":"product_tag","embeddable":true,"href":"https:\/\/www.techservsn.com\/en\/wp-json\/wp\/v2\/product_tag?post=3463"}],"curies":[{"name":"wp","href":"https:\/\/api.w.org\/{rel}","templated":true}]}}