{"id":3433,"date":"2021-04-28T04:33:08","date_gmt":"2021-04-28T02:33:08","guid":{"rendered":"https:\/\/www.techservsn.com\/?post_type=product&#038;p=3433"},"modified":"2021-06-15T03:06:00","modified_gmt":"2021-06-15T01:06:00","slug":"4210-mp-aes","status":"publish","type":"product","link":"https:\/\/www.techservsn.com\/en\/produit\/4210-mp-aes\/","title":{"rendered":"Spectrom\u00e8tre MP-AES 4210"},"content":{"rendered":"","protected":false},"excerpt":{"rendered":"<p>L&#8217;Agilent 4210 MP-AES est un spectrom\u00e8tre d&#8217;\u00e9mission optique \u00e0 haute sensibilit\u00e9 qui est l&#8217;alternative parfaite \u00e0 la technique traditionnelle de spectroscopie d&#8217;absorption atomique de flamme (AAS).<\/p>\n<p>L&#8217;instrument MP-AES utilise un plasma micro-ondes et, comme il fonctionne \u00e0 l&#8217;air au lieu de gaz combustibles, il peut \u00eatre install\u00e9 dans un laboratoire centralis\u00e9 ou \u00e0 distance. Avec des limites de d\u00e9tection allant jusqu&#8217;\u00e0 des niveaux de ppb et aucun pr\u00e9traitement d&#8217;\u00e9chantillon n\u00e9cessaire, il est id\u00e9al pour une large gamme d&#8217;analyses multi-\u00e9l\u00e9ments typiques.<\/p>\n<p style=\"text-align: center;\"><a class=\"button\" style=\"background: #396cf0; color: #ffffff; border-color: #103178;\" href=\"https:\/\/www.techservsn.com\/wp-content\/uploads\/2021\/06\/AGILENT-4210-MP-AES.pdf\" target=\"_blank\" rel=\"noopener\">Voire la fiche technique<\/a><\/p>\n","protected":false},"featured_media":3522,"template":"","meta":[],"product_brand":[],"product_cat":[136],"product_tag":[],"class_list":{"0":"post-3433","1":"product","2":"type-product","3":"status-publish","4":"has-post-thumbnail","6":"product_cat-spectroscopie-a-emission-atomique","8":"first","9":"instock","10":"virtual","11":"product-type-simple"},"_links":{"self":[{"href":"https:\/\/www.techservsn.com\/en\/wp-json\/wp\/v2\/product\/3433","targetHints":{"allow":["GET"]}}],"collection":[{"href":"https:\/\/www.techservsn.com\/en\/wp-json\/wp\/v2\/product"}],"about":[{"href":"https:\/\/www.techservsn.com\/en\/wp-json\/wp\/v2\/types\/product"}],"wp:featuredmedia":[{"embeddable":true,"href":"https:\/\/www.techservsn.com\/en\/wp-json\/wp\/v2\/media\/3522"}],"wp:attachment":[{"href":"https:\/\/www.techservsn.com\/en\/wp-json\/wp\/v2\/media?parent=3433"}],"wp:term":[{"taxonomy":"product_brand","embeddable":true,"href":"https:\/\/www.techservsn.com\/en\/wp-json\/wp\/v2\/product_brand?post=3433"},{"taxonomy":"product_cat","embeddable":true,"href":"https:\/\/www.techservsn.com\/en\/wp-json\/wp\/v2\/product_cat?post=3433"},{"taxonomy":"product_tag","embeddable":true,"href":"https:\/\/www.techservsn.com\/en\/wp-json\/wp\/v2\/product_tag?post=3433"}],"curies":[{"name":"wp","href":"https:\/\/api.w.org\/{rel}","templated":true}]}}