{"id":3216,"date":"2021-04-28T04:30:51","date_gmt":"2021-04-28T02:30:51","guid":{"rendered":"https:\/\/www.techservsn.com\/?post_type=product&#038;p=3216"},"modified":"2021-06-15T02:56:47","modified_gmt":"2021-06-15T00:56:47","slug":"leica-st5010-autostainer-xl","status":"publish","type":"product","link":"https:\/\/www.techservsn.com\/en\/produit\/leica-st5010-autostainer-xl\/","title":{"rendered":"Automate de Coloration ST5010"},"content":{"rendered":"","protected":false},"excerpt":{"rendered":"<p>Syst\u00e8me enti\u00e8rement automatis\u00e9 capable de fonctionner en toute autonomie. D\u00e8s que la proc\u00e9dure est termin\u00e9e, un bras robotis\u00e9 novateur transf\u00e8re les portoirs de lames de la coloration au recouvrement. Aucune intervention n&#8217;est n\u00e9cessaire.<br \/>\n\u2022\tTemps d&#8217;incubation et d&#8217;agitation r\u00e9glables<br \/>\n\u2022\tA\u00e9ration avec filtre \u00e0 charbon pour retenir les vapeurs de solvants<\/p>\n<p style=\"text-align: center;\"><a class=\"button\" style=\"background: #396cf0; color: #ffffff; border-color: #103178;\" href=\"https:\/\/www.techservsn.com\/wp-content\/uploads\/2021\/06\/Leica_ST5010_Application_Automating_special_stains.pdf\" target=\"_blank\" rel=\"noopener\">Voire la fiche technique<\/a><\/p>\n","protected":false},"featured_media":3287,"template":"","meta":[],"product_brand":[],"product_cat":[126],"product_tag":[],"class_list":{"0":"post-3216","1":"product","2":"type-product","3":"status-publish","4":"has-post-thumbnail","6":"product_cat-anatomie-pathologique","8":"first","9":"instock","10":"virtual","11":"product-type-simple"},"_links":{"self":[{"href":"https:\/\/www.techservsn.com\/en\/wp-json\/wp\/v2\/product\/3216","targetHints":{"allow":["GET"]}}],"collection":[{"href":"https:\/\/www.techservsn.com\/en\/wp-json\/wp\/v2\/product"}],"about":[{"href":"https:\/\/www.techservsn.com\/en\/wp-json\/wp\/v2\/types\/product"}],"wp:featuredmedia":[{"embeddable":true,"href":"https:\/\/www.techservsn.com\/en\/wp-json\/wp\/v2\/media\/3287"}],"wp:attachment":[{"href":"https:\/\/www.techservsn.com\/en\/wp-json\/wp\/v2\/media?parent=3216"}],"wp:term":[{"taxonomy":"product_brand","embeddable":true,"href":"https:\/\/www.techservsn.com\/en\/wp-json\/wp\/v2\/product_brand?post=3216"},{"taxonomy":"product_cat","embeddable":true,"href":"https:\/\/www.techservsn.com\/en\/wp-json\/wp\/v2\/product_cat?post=3216"},{"taxonomy":"product_tag","embeddable":true,"href":"https:\/\/www.techservsn.com\/en\/wp-json\/wp\/v2\/product_tag?post=3216"}],"curies":[{"name":"wp","href":"https:\/\/api.w.org\/{rel}","templated":true}]}}