{"id":3215,"date":"2021-04-28T04:30:51","date_gmt":"2021-04-28T02:30:51","guid":{"rendered":"https:\/\/www.techservsn.com\/?post_type=product&#038;p=3215"},"modified":"2021-06-15T02:18:32","modified_gmt":"2021-06-15T00:18:32","slug":"leica-dm2500","status":"publish","type":"product","link":"https:\/\/www.techservsn.com\/en\/produit\/leica-dm2500\/","title":{"rendered":"Microscope DM2500"},"content":{"rendered":"","protected":false},"excerpt":{"rendered":"<p>Syst\u00e8mes de microscopes ergonomiques de pointe dot\u00e9s d&#8217;un puissant \u00e9clairage Leica DM2500 &#038; DM2500 LED<br \/>\nLes microscopes Leica DM2500 et DM2500 LED sont des outils haut de gamme, con\u00e7us pour les t\u00e2ches exigeantes et de routine en sciences de la vie et pour les applications de recherche. Gr\u00e2ce \u00e0 leur puissant \u00e9clairage par transmission, leurs performances optiques de grande qualit\u00e9 et leurs accessoires de pointe, les Leica DM2500 et DM2500 LED rel\u00e8vent particuli\u00e8rement bean le d\u00e9fi des t\u00e2ches en sciences biologiques qui n\u00e9cessitent un contraste interf\u00e9rentiel diff\u00e9rentiel ou une fluorescence tr\u00e8s performante.<br \/>\nL&#8217;\u00e9clairage ultra-lumineux \u00e0 LED du Leica DM2500 LED et le puissant \u00e9clairage 100 W du Leica DM2500 sont particuli\u00e8rement b\u00e9n\u00e9fiques pour le travail en contraste interf\u00e9rentiel diff\u00e9rentiel (CIT). Con\u00e7u selon une modularize orient\u00e9e vers les applications, les Leica DM2500 &#038; DM2500 LED sont configurables pour s&#8217;adapter \u00e0 une grande vari\u00e9t\u00e9 d&#8217;applications, ainsi qu&#8217;aux caract\u00e9ristiques physiques de chaque utilisateur.<\/p>\n<p style=\"text-align: center;\"><a class=\"button\" style=\"background: #396cf0; color: #ffffff; border-color: #103178;\" href=\"https:\/\/www.techservsn.com\/wp-content\/uploads\/2021\/06\/Leica_DM1000-3000_Technical-Brochure_fr.pdf\" target=\"_blank\" rel=\"noopener\">Voire la fiche technique<\/a><\/p>\n","protected":false},"featured_media":3285,"template":"","meta":[],"product_brand":[],"product_cat":[125],"product_tag":[],"class_list":{"0":"post-3215","1":"product","2":"type-product","3":"status-publish","4":"has-post-thumbnail","6":"product_cat-microscopes","8":"first","9":"instock","10":"virtual","11":"product-type-simple"},"_links":{"self":[{"href":"https:\/\/www.techservsn.com\/en\/wp-json\/wp\/v2\/product\/3215","targetHints":{"allow":["GET"]}}],"collection":[{"href":"https:\/\/www.techservsn.com\/en\/wp-json\/wp\/v2\/product"}],"about":[{"href":"https:\/\/www.techservsn.com\/en\/wp-json\/wp\/v2\/types\/product"}],"wp:featuredmedia":[{"embeddable":true,"href":"https:\/\/www.techservsn.com\/en\/wp-json\/wp\/v2\/media\/3285"}],"wp:attachment":[{"href":"https:\/\/www.techservsn.com\/en\/wp-json\/wp\/v2\/media?parent=3215"}],"wp:term":[{"taxonomy":"product_brand","embeddable":true,"href":"https:\/\/www.techservsn.com\/en\/wp-json\/wp\/v2\/product_brand?post=3215"},{"taxonomy":"product_cat","embeddable":true,"href":"https:\/\/www.techservsn.com\/en\/wp-json\/wp\/v2\/product_cat?post=3215"},{"taxonomy":"product_tag","embeddable":true,"href":"https:\/\/www.techservsn.com\/en\/wp-json\/wp\/v2\/product_tag?post=3215"}],"curies":[{"name":"wp","href":"https:\/\/api.w.org\/{rel}","templated":true}]}}