{"id":3188,"date":"2021-04-28T04:30:29","date_gmt":"2021-04-28T02:30:29","guid":{"rendered":"https:\/\/www.techservsn.com\/?post_type=product&#038;p=3188"},"modified":"2021-06-15T02:10:17","modified_gmt":"2021-06-15T00:10:17","slug":"leica-dm500-dm750","status":"publish","type":"product","link":"https:\/\/www.techservsn.com\/en\/produit\/leica-dm500-dm750\/","title":{"rendered":"Microscope DM750"},"content":{"rendered":"","protected":false},"excerpt":{"rendered":"<p>Le Leica DM750 est le microscope id\u00e9al pour les besoins polyvalents des cours de biologie avanc\u00e9s dans les coll\u00e8ges et universit\u00e9s et pour la formation professionnelle dans les \u00e9coles dentaires, v\u00e9t\u00e9rinaires et de m\u00e9decine.<br \/>\nLes fonctions \u00ab sp\u00e9ciales \u00e9tudiant \u00bb comme EZStore\u2122 facilitant le transport et le levage et EZGuide de bords arrondis permettant un chargement des lames d&#8217;une seule main et r\u00e9duisant ainsi les \u00e9clats des lames participent \u00e0 une plus grande propret\u00e9 de la salle de classe.<br \/>\nLes fonctions conviviales pour l&#8217;enseignant, comme EZLite\u2122 qui offrent plus de 20 ann\u00e9es d&#8217;\u00e9clairage LED et la fermeture temporis\u00e9e automatique permettent un gain de temps et d&#8217;\u00e9nergie.<\/p>\n","protected":false},"featured_media":3283,"template":"","meta":[],"product_brand":[],"product_cat":[125],"product_tag":[],"class_list":{"0":"post-3188","1":"product","2":"type-product","3":"status-publish","4":"has-post-thumbnail","6":"product_cat-microscopes","8":"first","9":"instock","10":"virtual","11":"product-type-simple"},"_links":{"self":[{"href":"https:\/\/www.techservsn.com\/en\/wp-json\/wp\/v2\/product\/3188","targetHints":{"allow":["GET"]}}],"collection":[{"href":"https:\/\/www.techservsn.com\/en\/wp-json\/wp\/v2\/product"}],"about":[{"href":"https:\/\/www.techservsn.com\/en\/wp-json\/wp\/v2\/types\/product"}],"wp:featuredmedia":[{"embeddable":true,"href":"https:\/\/www.techservsn.com\/en\/wp-json\/wp\/v2\/media\/3283"}],"wp:attachment":[{"href":"https:\/\/www.techservsn.com\/en\/wp-json\/wp\/v2\/media?parent=3188"}],"wp:term":[{"taxonomy":"product_brand","embeddable":true,"href":"https:\/\/www.techservsn.com\/en\/wp-json\/wp\/v2\/product_brand?post=3188"},{"taxonomy":"product_cat","embeddable":true,"href":"https:\/\/www.techservsn.com\/en\/wp-json\/wp\/v2\/product_cat?post=3188"},{"taxonomy":"product_tag","embeddable":true,"href":"https:\/\/www.techservsn.com\/en\/wp-json\/wp\/v2\/product_tag?post=3188"}],"curies":[{"name":"wp","href":"https:\/\/api.w.org\/{rel}","templated":true}]}}