{"id":3187,"date":"2021-04-28T04:30:29","date_gmt":"2021-04-28T02:30:29","guid":{"rendered":"https:\/\/www.techservsn.com\/?post_type=product&#038;p=3187"},"modified":"2021-06-15T02:17:15","modified_gmt":"2021-06-15T00:17:15","slug":"leica-dm1000","status":"publish","type":"product","link":"https:\/\/www.techservsn.com\/en\/produit\/leica-dm1000\/","title":{"rendered":"Leica DM1000"},"content":{"rendered":"","protected":false},"excerpt":{"rendered":"<p>Con\u00e7ue pour s&#8217;adapter \u00e0 la routine quotidienne de chaque utilisateur. Leica Microsystems a traduit ses id\u00e9es innovantes en actes en cr\u00e9ant un microscope qui s&#8217;adapte parfaitement \u00e0 la stature et au flux de travail de chaque utilisateur. Avec la s\u00e9rie Leica DM1000-3000, le travail au microscope est non seulement efficace, mais aussi confortable.<\/p>\n<p style=\"text-align: center;\"><a class=\"button\" style=\"background: #396CF0; color: #ffffff; border-color: #103178;\" href=\"https:\/\/www.techservsn.com\/wp-content\/uploads\/2021\/06\/Leica_DM1000-3000_Technical-Brochure_fr.pdf\" target=\"_blank\" rel=\"noopener\">Voire la fiche technique<\/a><\/p>\n","protected":false},"featured_media":3280,"template":"","meta":[],"product_brand":[],"product_cat":[125],"product_tag":[],"class_list":{"0":"post-3187","1":"product","2":"type-product","3":"status-publish","4":"has-post-thumbnail","6":"product_cat-microscopes","8":"first","9":"instock","10":"virtual","11":"product-type-simple"},"_links":{"self":[{"href":"https:\/\/www.techservsn.com\/en\/wp-json\/wp\/v2\/product\/3187","targetHints":{"allow":["GET"]}}],"collection":[{"href":"https:\/\/www.techservsn.com\/en\/wp-json\/wp\/v2\/product"}],"about":[{"href":"https:\/\/www.techservsn.com\/en\/wp-json\/wp\/v2\/types\/product"}],"wp:featuredmedia":[{"embeddable":true,"href":"https:\/\/www.techservsn.com\/en\/wp-json\/wp\/v2\/media\/3280"}],"wp:attachment":[{"href":"https:\/\/www.techservsn.com\/en\/wp-json\/wp\/v2\/media?parent=3187"}],"wp:term":[{"taxonomy":"product_brand","embeddable":true,"href":"https:\/\/www.techservsn.com\/en\/wp-json\/wp\/v2\/product_brand?post=3187"},{"taxonomy":"product_cat","embeddable":true,"href":"https:\/\/www.techservsn.com\/en\/wp-json\/wp\/v2\/product_cat?post=3187"},{"taxonomy":"product_tag","embeddable":true,"href":"https:\/\/www.techservsn.com\/en\/wp-json\/wp\/v2\/product_tag?post=3187"}],"curies":[{"name":"wp","href":"https:\/\/api.w.org\/{rel}","templated":true}]}}