{"id":3185,"date":"2021-04-28T04:30:29","date_gmt":"2021-04-28T02:30:29","guid":{"rendered":"https:\/\/www.techservsn.com\/?post_type=product&#038;p=3185"},"modified":"2021-06-14T00:39:29","modified_gmt":"2021-06-13T22:39:29","slug":"sta-satellite","status":"publish","type":"product","link":"https:\/\/www.techservsn.com\/en\/produit\/sta-satellite\/","title":{"rendered":"Automate d&#8217;h\u00e9mostase STA Satellite MAX"},"content":{"rendered":"","protected":false},"excerpt":{"rendered":"<p>Le STA Satellite Max est un analyseur d\u2019H\u00e9mostase d\u00e9di\u00e9 aux laboratoires \u00ab satellites \u00bb qui recherchent un appareil adapt\u00e9 \u00e0 leurs besoins tout en garantissant la fiabilit\u00e9 de r\u00e9sultats des grands laboratoires sp\u00e9cialis\u00e9s. Sa gamme de r\u00e9actifs compl\u00e8te couvre la totalit\u00e9 des tests de routine et d\u2019urgence.<\/p>\n<p style=\"text-align: center;\"><a class=\"button\" style=\"background: #396CF0; color: #ffffff; border-color: #103178;\" href=\"https:\/\/www.techservsn.com\/wp-content\/uploads\/2021\/06\/CATALOGUE-STAGO.pdf\" target=\"_blank\" rel=\"noopener\">Voire la fiche technique<\/a><\/p>\n","protected":false},"featured_media":3275,"template":"","meta":[],"product_brand":[],"product_cat":[124],"product_tag":[],"class_list":{"0":"post-3185","1":"product","2":"type-product","3":"status-publish","4":"has-post-thumbnail","6":"product_cat-hematologie","8":"first","9":"instock","10":"virtual","11":"product-type-simple"},"_links":{"self":[{"href":"https:\/\/www.techservsn.com\/en\/wp-json\/wp\/v2\/product\/3185","targetHints":{"allow":["GET"]}}],"collection":[{"href":"https:\/\/www.techservsn.com\/en\/wp-json\/wp\/v2\/product"}],"about":[{"href":"https:\/\/www.techservsn.com\/en\/wp-json\/wp\/v2\/types\/product"}],"wp:featuredmedia":[{"embeddable":true,"href":"https:\/\/www.techservsn.com\/en\/wp-json\/wp\/v2\/media\/3275"}],"wp:attachment":[{"href":"https:\/\/www.techservsn.com\/en\/wp-json\/wp\/v2\/media?parent=3185"}],"wp:term":[{"taxonomy":"product_brand","embeddable":true,"href":"https:\/\/www.techservsn.com\/en\/wp-json\/wp\/v2\/product_brand?post=3185"},{"taxonomy":"product_cat","embeddable":true,"href":"https:\/\/www.techservsn.com\/en\/wp-json\/wp\/v2\/product_cat?post=3185"},{"taxonomy":"product_tag","embeddable":true,"href":"https:\/\/www.techservsn.com\/en\/wp-json\/wp\/v2\/product_tag?post=3185"}],"curies":[{"name":"wp","href":"https:\/\/api.w.org\/{rel}","templated":true}]}}