{"id":3184,"date":"2021-04-28T04:30:28","date_gmt":"2021-04-28T02:30:28","guid":{"rendered":"https:\/\/www.techservsn.com\/?post_type=product&#038;p=3184"},"modified":"2021-06-14T00:41:30","modified_gmt":"2021-06-13T22:41:30","slug":"start-max","status":"publish","type":"product","link":"https:\/\/www.techservsn.com\/en\/produit\/start-max\/","title":{"rendered":"STart Max"},"content":{"rendered":"","protected":false},"excerpt":{"rendered":"<p>Ce petit instrument semi-automatis\u00e9 est tout aussi impressionnant que les plus grands mod\u00e8les : nouveaux menus de contr\u00f4le de la qualit\u00e9 et d\u2019\u00e9talonnage, et un grand \u00e9cran tactile couleur pour b\u00e9n\u00e9ficier de l\u2019interface utilisateur graphique standardis\u00e9e \u00ab Max Generation \u00bb et en termes de fonctionnalit\u00e9s rien ne manque non plus, avec une tra\u00e7abilit\u00e9 efficace, la possibilit\u00e9 d\u2019archiver les r\u00e9sultats des patients, des contr\u00f4les de qualit\u00e9, des lots r\u00e9actifs, et une connectivit\u00e9 moderne (\u00e0 LIS et \/ ou STA Coag Expert, avec un port USB et la possibilit\u00e9 de connecter un lecteur de code \u00e0 barres portable).<\/p>\n<p style=\"text-align: center;\"><a class=\"button\" style=\"background: #396CF0; color: #ffffff; border-color: #103178;\" href=\"https:\/\/www.techservsn.com\/wp-content\/uploads\/2021\/06\/CATALOGUE-STAGO.pdf\" target=\"_blank\" rel=\"noopener\">Voire la fiche technique<\/a><\/p>\n","protected":false},"featured_media":3273,"template":"","meta":[],"product_brand":[],"product_cat":[124],"product_tag":[],"class_list":{"0":"post-3184","1":"product","2":"type-product","3":"status-publish","4":"has-post-thumbnail","6":"product_cat-hematologie","8":"first","9":"instock","10":"virtual","11":"product-type-simple"},"_links":{"self":[{"href":"https:\/\/www.techservsn.com\/en\/wp-json\/wp\/v2\/product\/3184","targetHints":{"allow":["GET"]}}],"collection":[{"href":"https:\/\/www.techservsn.com\/en\/wp-json\/wp\/v2\/product"}],"about":[{"href":"https:\/\/www.techservsn.com\/en\/wp-json\/wp\/v2\/types\/product"}],"wp:featuredmedia":[{"embeddable":true,"href":"https:\/\/www.techservsn.com\/en\/wp-json\/wp\/v2\/media\/3273"}],"wp:attachment":[{"href":"https:\/\/www.techservsn.com\/en\/wp-json\/wp\/v2\/media?parent=3184"}],"wp:term":[{"taxonomy":"product_brand","embeddable":true,"href":"https:\/\/www.techservsn.com\/en\/wp-json\/wp\/v2\/product_brand?post=3184"},{"taxonomy":"product_cat","embeddable":true,"href":"https:\/\/www.techservsn.com\/en\/wp-json\/wp\/v2\/product_cat?post=3184"},{"taxonomy":"product_tag","embeddable":true,"href":"https:\/\/www.techservsn.com\/en\/wp-json\/wp\/v2\/product_tag?post=3184"}],"curies":[{"name":"wp","href":"https:\/\/api.w.org\/{rel}","templated":true}]}}