{"id":3183,"date":"2021-04-28T04:30:28","date_gmt":"2021-04-28T02:30:28","guid":{"rendered":"https:\/\/www.techservsn.com\/?post_type=product&#038;p=3183"},"modified":"2021-06-15T18:41:24","modified_gmt":"2021-06-15T16:41:24","slug":"sta-compact-max","status":"publish","type":"product","link":"https:\/\/www.techservsn.com\/en\/produit\/sta-compact-max\/","title":{"rendered":"Appareil d&#8217;h\u00e9mostase STA Compact Max"},"content":{"rendered":"","protected":false},"excerpt":{"rendered":"<p>\u2022 Analyseur multiparam\u00e9trique d\u2019h\u00e9mostase<br \/>\n\u2022 Trois types de mesure :M\u00e9canique par viscosit\u00e9, chromog\u00e9nique et immunologique<br \/>\n\u2022 Gestion automatique : des dilutions, re-dosages, r\u00e8gles d\u2019expertise sp\u00e9cifique \u00e0 l\u2019h\u00e9mostase, module de Contr\u00f4le de Qualit\u00e9 avanc\u00e9<br \/>\n\u2022 Identification positive des produits \u00e0 bord (lot, volume et stabilit\u00e9)<br \/>\n\u2022 Journal de maintenance informatis\u00e9<br \/>\n\u2022 Toutes les tailles des tubes sont accept\u00e9es y compris la p\u00e9diatrie et les microtainers<br \/>\n\u2022 Positions de r\u00e9actifs r\u00e9frig\u00e9r\u00e9s<br \/>\n\u2022 Port pour Memory Stick USB<br \/>\n\u2022 Interface Windows<br \/>\n\u2022 Liaison bidirectionnelle \u00e0 LIS<br \/>\n\u2022 Syst\u00e8me Expert de v\u00e9rification pr\u00e9-analytique<br \/>\n\u2022 Logiciel STA Coag Expert pour la gestion, validation et de contr\u00f4le<\/p>\n<p style=\"text-align: center;\"><a class=\"button\" style=\"background: #006ec2; color: #ffffff; border-color: #103178;\" href=\"https:\/\/www.techservsn.com\/wp-content\/uploads\/2021\/06\/CATALOGUE-STAGO.pdf\" target=\"_blank\" rel=\"noopener\">Voire la fiche technique<\/a><\/p>\n","protected":false},"featured_media":5468,"template":"","meta":[],"product_brand":[],"product_cat":[124],"product_tag":[],"class_list":{"0":"post-3183","1":"product","2":"type-product","3":"status-publish","4":"has-post-thumbnail","6":"product_cat-hematologie","8":"first","9":"instock","10":"virtual","11":"product-type-simple"},"_links":{"self":[{"href":"https:\/\/www.techservsn.com\/en\/wp-json\/wp\/v2\/product\/3183","targetHints":{"allow":["GET"]}}],"collection":[{"href":"https:\/\/www.techservsn.com\/en\/wp-json\/wp\/v2\/product"}],"about":[{"href":"https:\/\/www.techservsn.com\/en\/wp-json\/wp\/v2\/types\/product"}],"wp:featuredmedia":[{"embeddable":true,"href":"https:\/\/www.techservsn.com\/en\/wp-json\/wp\/v2\/media\/5468"}],"wp:attachment":[{"href":"https:\/\/www.techservsn.com\/en\/wp-json\/wp\/v2\/media?parent=3183"}],"wp:term":[{"taxonomy":"product_brand","embeddable":true,"href":"https:\/\/www.techservsn.com\/en\/wp-json\/wp\/v2\/product_brand?post=3183"},{"taxonomy":"product_cat","embeddable":true,"href":"https:\/\/www.techservsn.com\/en\/wp-json\/wp\/v2\/product_cat?post=3183"},{"taxonomy":"product_tag","embeddable":true,"href":"https:\/\/www.techservsn.com\/en\/wp-json\/wp\/v2\/product_tag?post=3183"}],"curies":[{"name":"wp","href":"https:\/\/api.w.org\/{rel}","templated":true}]}}