{"id":3181,"date":"2021-04-28T04:30:28","date_gmt":"2021-04-28T02:30:28","guid":{"rendered":"https:\/\/www.techservsn.com\/?post_type=product&#038;p=3181"},"modified":"2021-06-16T12:11:48","modified_gmt":"2021-06-16T10:11:48","slug":"horiba-pentra-xlr-80","status":"publish","type":"product","link":"https:\/\/www.techservsn.com\/en\/produit\/horiba-pentra-xlr-80\/","title":{"rendered":"Automate d&#8217;h\u00e9matologie PENTRA 80XLR"},"content":{"rendered":"","protected":false},"excerpt":{"rendered":"<p>Analyseur d&#8217;h\u00e9matologie 36 param\u00e8tres Pentra XLR<br \/>\nPlate-forme compacte et fiable de h\u00e9matologie comprenant des reticulocytes par la fluorescence Description de produit 36 param\u00e8tres, 10 param\u00e8tres de reticulocyte Jusqu&#8217;\u00e0 80 \u00e9chantillons\/heure Augmentez la productivit\u00e9, qualit\u00e9, flexibilit\u00e9 Augmentez votre expertise dans la caract\u00e9risation d&#8217;an\u00e9mie Ajoutez la valeur \u00e0 votre laboratoire de h\u00e9matologie ABX Pentra XLR Sortie :<br \/>\nJusqu&#8217;\u00e0 80 \u00e9chantillons\/heure<br \/>\nAutochargeur de grande capacit\u00e9 (100 tubes)<br \/>\n\u00c9chantillonnage de stat sur les tubes ouverts ou ferm\u00e9s Reprise automatique d&#8217;\u00e9chantillon<br \/>\nR\u00e9actifs :<br \/>\nSeulement 5 r\u00e9actifs \u00e0 bord et 1 diluant Diff\u00e9renciation parfaite des 5 sous-populations de WBC avec la technologie de DHSS*<br \/>\n3 histogrammes pour RBC, BAS\/WBC et PLT<br \/>\nLa haute r\u00e9solution 5 Diff Matrix incluent la d\u00e9termination des lymphocytes atypiques (ALY **) et des grandes cellules non m\u00fbres (LIC **)<br \/>\nBasophiles compt\u00e9s par le canal sp\u00e9cifique Reticulocyte de haute r\u00e9solution<br \/>\nMatrix pour trois \u00e9tapes de quantification de maturation de reticulocytes<br \/>\nParam\u00e8tres cellulaires de contenu et de reticulocytematuration d&#8217;h\u00e9moglobine de RHCc ** de Reticulocyte Cytochimie, imp\u00e9dance (vraie mesure de volume de cellules) et optique (analyse de la structure cellulaire interne en mesurant l&#8217;absorbance l\u00e9g\u00e8re)<br \/>\n&#8211; fluorom\u00e9trie<br \/>\n&#8211; technologie de DHSS*<\/p>\n<p style=\"text-align: center;\"><a class=\"button\" style=\"background: #006ec2; color: #ffffff; border-color: #103178;\" href=\"https:\/\/www.techservsn.com\/wp-content\/uploads\/2021\/06\/PENTRA-XLR80.pdf\" target=\"_blank\" rel=\"noopener\">Voire la fiche technique<\/a><\/p>\n","protected":false},"featured_media":3266,"template":"","meta":[],"product_brand":[],"product_cat":[124],"product_tag":[],"class_list":{"0":"post-3181","1":"product","2":"type-product","3":"status-publish","4":"has-post-thumbnail","6":"product_cat-hematologie","8":"first","9":"instock","10":"virtual","11":"product-type-simple"},"_links":{"self":[{"href":"https:\/\/www.techservsn.com\/en\/wp-json\/wp\/v2\/product\/3181","targetHints":{"allow":["GET"]}}],"collection":[{"href":"https:\/\/www.techservsn.com\/en\/wp-json\/wp\/v2\/product"}],"about":[{"href":"https:\/\/www.techservsn.com\/en\/wp-json\/wp\/v2\/types\/product"}],"wp:featuredmedia":[{"embeddable":true,"href":"https:\/\/www.techservsn.com\/en\/wp-json\/wp\/v2\/media\/3266"}],"wp:attachment":[{"href":"https:\/\/www.techservsn.com\/en\/wp-json\/wp\/v2\/media?parent=3181"}],"wp:term":[{"taxonomy":"product_brand","embeddable":true,"href":"https:\/\/www.techservsn.com\/en\/wp-json\/wp\/v2\/product_brand?post=3181"},{"taxonomy":"product_cat","embeddable":true,"href":"https:\/\/www.techservsn.com\/en\/wp-json\/wp\/v2\/product_cat?post=3181"},{"taxonomy":"product_tag","embeddable":true,"href":"https:\/\/www.techservsn.com\/en\/wp-json\/wp\/v2\/product_tag?post=3181"}],"curies":[{"name":"wp","href":"https:\/\/api.w.org\/{rel}","templated":true}]}}