{"id":3180,"date":"2021-04-28T04:30:28","date_gmt":"2021-04-28T02:30:28","guid":{"rendered":"https:\/\/www.techservsn.com\/?post_type=product&#038;p=3180"},"modified":"2021-06-15T02:46:27","modified_gmt":"2021-06-15T00:46:27","slug":"horiba-abx-micros-es-60","status":"publish","type":"product","link":"https:\/\/www.techservsn.com\/en\/produit\/horiba-abx-micros-es-60\/","title":{"rendered":"Automate d&#8217;h\u00e9matologie Micros 60 ES"},"content":{"rendered":"","protected":false},"excerpt":{"rendered":"<p>Analyseur d&#8217;h\u00e9matologie 18 param\u00e8tres ABX Micros ES 60<br \/>\nVue d&#8217;ensemble Lecteur de code barres int\u00e9gr\u00e9 Connexion USB Imprimante int\u00e9gr\u00e9e Pack r\u00e9actifs Fonctions ABX Micros 60 Principes de d\u00e9tection des GR &#038; PLA :<br \/>\nM\u00e9thode Imp\u00e9dance,<br \/>\nDiam\u00e8tre de l\u2019orifice 50 \u03bcm,<br \/>\nD\u00e9pression de comptage 200 mb,<br \/>\nTemps de comptage 2 (ou 3) x 6 secondes,<br \/>\nRatio de dilution 1\/15 000<br \/>\nMesure de l\u2019HB : M\u00e9thode Photom\u00e9trie<br \/>\n&#8211; Longueur d\u2019onde 550 nm<br \/>\n&#8211; Ratio de dilution 1\/250<br \/>\nMesure de l\u2019HT : M\u00e9thode Int\u00e9gration num\u00e9rique<br \/>\nPrincipe de d\u00e9tection des GB : M\u00e9thode Imp\u00e9dance<br \/>\n&#8211; Diam\u00e8tre de l\u2019orifice 80 \u03bc<br \/>\n&#8211; D\u00e9pression de comptage 200 m<br \/>\n&#8211; Temps de comptage 2 (ou 3) x 6 secondes<br \/>\n&#8211; Ratio de dilution 1\/260<\/p>\n","protected":false},"featured_media":3252,"template":"","meta":[],"product_brand":[],"product_cat":[124],"product_tag":[],"class_list":{"0":"post-3180","1":"product","2":"type-product","3":"status-publish","4":"has-post-thumbnail","6":"product_cat-hematologie","8":"first","9":"instock","10":"virtual","11":"product-type-simple"},"_links":{"self":[{"href":"https:\/\/www.techservsn.com\/en\/wp-json\/wp\/v2\/product\/3180","targetHints":{"allow":["GET"]}}],"collection":[{"href":"https:\/\/www.techservsn.com\/en\/wp-json\/wp\/v2\/product"}],"about":[{"href":"https:\/\/www.techservsn.com\/en\/wp-json\/wp\/v2\/types\/product"}],"wp:featuredmedia":[{"embeddable":true,"href":"https:\/\/www.techservsn.com\/en\/wp-json\/wp\/v2\/media\/3252"}],"wp:attachment":[{"href":"https:\/\/www.techservsn.com\/en\/wp-json\/wp\/v2\/media?parent=3180"}],"wp:term":[{"taxonomy":"product_brand","embeddable":true,"href":"https:\/\/www.techservsn.com\/en\/wp-json\/wp\/v2\/product_brand?post=3180"},{"taxonomy":"product_cat","embeddable":true,"href":"https:\/\/www.techservsn.com\/en\/wp-json\/wp\/v2\/product_cat?post=3180"},{"taxonomy":"product_tag","embeddable":true,"href":"https:\/\/www.techservsn.com\/en\/wp-json\/wp\/v2\/product_tag?post=3180"}],"curies":[{"name":"wp","href":"https:\/\/api.w.org\/{rel}","templated":true}]}}