{"id":3179,"date":"2021-04-28T04:30:28","date_gmt":"2021-04-28T02:30:28","guid":{"rendered":"https:\/\/www.techservsn.com\/?post_type=product&#038;p=3179"},"modified":"2021-06-15T18:44:59","modified_gmt":"2021-06-15T16:44:59","slug":"yumizen-500","status":"publish","type":"product","link":"https:\/\/www.techservsn.com\/en\/produit\/yumizen-500\/","title":{"rendered":"Automate d&#8217;h\u00e9matologie Yumizen H500"},"content":{"rendered":"","protected":false},"excerpt":{"rendered":"<p>Analyseur d&#8217;h\u00e9matologie 27 param\u00e8tres Yumizen H550<br \/>\nSolution partie d\u2019h\u00e9matologie de pleine promenade pour de petits laboratoires de taille moyenne Choisissez Yumizen et vous resterez le zen ! Le Yumizen H550 est un analyseur compact de l\u2019h\u00e9matologie 6-Diff avec un syst\u00e8me d\u2019\u00e9chantillonnage automatique qui vise \u00e0 fournir une pleine capacit\u00e9 de promenade loin \u00e0 un grand choix d&#8217;environnements cliniques : h\u00f4pitaux, laboratoires satellites, soins d&#8217;urgence, petits laboratoires ind\u00e9pendants, les bureaux des m\u00e9decins\u2026 Avec la gestion s\u00fbre t\u00e9moin, le Yumzien H550 peut fournir une autonomie d&#8217;une heure de 40 \u00e9chantillons dans des supports. Les allocations compl\u00e9mentaires incluent ; chargement continu, \u00e9chantillon automatique se m\u00e9langeant, identification sans \u00e9quivoque des \u00e9chantillons et un mode manuel pour des \u00e9chantillons de stat pour les tubes ouverts et ferm\u00e9s. Ce dernier contr\u00f4leront des demandes de secours et de p\u00e9diatrie d&#8217;un grand choix de types t\u00e9moins.<\/p>\n<p style=\"text-align: center;\"><a class=\"button\" style=\"background: #006ec2; color: #ffffff; border-color: #103178;\" href=\"https:\/\/www.techservsn.com\/wp-content\/uploads\/2021\/06\/BROCHURE-YUMIZEN-H500-FR.pdf\" target=\"_blank\" rel=\"noopener\">Voire la fiche technique<\/a><\/p>\n","protected":false},"featured_media":3248,"template":"","meta":[],"product_brand":[],"product_cat":[124],"product_tag":[],"class_list":{"0":"post-3179","1":"product","2":"type-product","3":"status-publish","4":"has-post-thumbnail","6":"product_cat-hematologie","8":"first","9":"instock","10":"virtual","11":"product-type-simple"},"_links":{"self":[{"href":"https:\/\/www.techservsn.com\/en\/wp-json\/wp\/v2\/product\/3179","targetHints":{"allow":["GET"]}}],"collection":[{"href":"https:\/\/www.techservsn.com\/en\/wp-json\/wp\/v2\/product"}],"about":[{"href":"https:\/\/www.techservsn.com\/en\/wp-json\/wp\/v2\/types\/product"}],"wp:featuredmedia":[{"embeddable":true,"href":"https:\/\/www.techservsn.com\/en\/wp-json\/wp\/v2\/media\/3248"}],"wp:attachment":[{"href":"https:\/\/www.techservsn.com\/en\/wp-json\/wp\/v2\/media?parent=3179"}],"wp:term":[{"taxonomy":"product_brand","embeddable":true,"href":"https:\/\/www.techservsn.com\/en\/wp-json\/wp\/v2\/product_brand?post=3179"},{"taxonomy":"product_cat","embeddable":true,"href":"https:\/\/www.techservsn.com\/en\/wp-json\/wp\/v2\/product_cat?post=3179"},{"taxonomy":"product_tag","embeddable":true,"href":"https:\/\/www.techservsn.com\/en\/wp-json\/wp\/v2\/product_tag?post=3179"}],"curies":[{"name":"wp","href":"https:\/\/api.w.org\/{rel}","templated":true}]}}