{"id":3176,"date":"2021-04-28T04:30:27","date_gmt":"2021-04-28T02:30:27","guid":{"rendered":"https:\/\/www.techservsn.com\/?post_type=product&#038;p=3176"},"modified":"2021-06-15T02:49:03","modified_gmt":"2021-06-15T00:49:03","slug":"bactec-fx40","status":"publish","type":"product","link":"https:\/\/www.techservsn.com\/en\/produit\/bactec-fx40\/","title":{"rendered":"Appareil d&#8217;h\u00e9moculture BD Bactec FX40"},"content":{"rendered":"","protected":false},"excerpt":{"rendered":"<p>BD BACTEC\u2122 FX est la 10\u00e8me g\u00e9n\u00e9ration d&#8217;automates BD pour les h\u00e9mocultures, n\u00e9 du mariage de technologies \u00e9prouv\u00e9es, reconnues (mesure par fluorescence, milieux avec r\u00e9sines) et des derni\u00e8res innovations BD en mati\u00e8re d&#8217;ergonomie, de design et de technologies de l&#8217;information.<br \/>\nCes caract\u00e9ristiques permettent de positionner les syst\u00e8mes BD BACTEC\u2122 FX dans \u00e0 l\u2019ext\u00e9rieure du laboratoire de microbiologie ou directement dans les services de soins comme solution d\u2019h\u00e9mocultures d\u00e9port\u00e9e afin de se conformer aux recommandations pour une incubation imm\u00e9diate des flacons.<\/p>\n","protected":false},"featured_media":3241,"template":"","meta":[],"product_brand":[],"product_cat":[123],"product_tag":[],"class_list":{"0":"post-3176","1":"product","2":"type-product","3":"status-publish","4":"has-post-thumbnail","6":"product_cat-bacteriologie","8":"first","9":"instock","10":"virtual","11":"product-type-simple"},"_links":{"self":[{"href":"https:\/\/www.techservsn.com\/en\/wp-json\/wp\/v2\/product\/3176","targetHints":{"allow":["GET"]}}],"collection":[{"href":"https:\/\/www.techservsn.com\/en\/wp-json\/wp\/v2\/product"}],"about":[{"href":"https:\/\/www.techservsn.com\/en\/wp-json\/wp\/v2\/types\/product"}],"wp:featuredmedia":[{"embeddable":true,"href":"https:\/\/www.techservsn.com\/en\/wp-json\/wp\/v2\/media\/3241"}],"wp:attachment":[{"href":"https:\/\/www.techservsn.com\/en\/wp-json\/wp\/v2\/media?parent=3176"}],"wp:term":[{"taxonomy":"product_brand","embeddable":true,"href":"https:\/\/www.techservsn.com\/en\/wp-json\/wp\/v2\/product_brand?post=3176"},{"taxonomy":"product_cat","embeddable":true,"href":"https:\/\/www.techservsn.com\/en\/wp-json\/wp\/v2\/product_cat?post=3176"},{"taxonomy":"product_tag","embeddable":true,"href":"https:\/\/www.techservsn.com\/en\/wp-json\/wp\/v2\/product_tag?post=3176"}],"curies":[{"name":"wp","href":"https:\/\/api.w.org\/{rel}","templated":true}]}}